{"id":9005,"date":"2021-10-29T12:36:54","date_gmt":"2021-10-29T12:36:54","guid":{"rendered":"https:\/\/azoreslovers.acoresnocoracao.pt\/?post_type=product&#038;p=9005"},"modified":"2024-12-06T11:51:53","modified_gmt":"2024-12-06T11:51:53","slug":"caderno-a6-borboleta","status":"publish","type":"product","link":"https:\/\/azoreslovers.com\/en\/product\/notebooik-a6-butterfly\/","title":{"rendered":"Notebook A6 Butterfly"},"content":{"rendered":"","protected":false},"excerpt":{"rendered":"<p>A6 notebook with butterfly design for notes. This notebook is ideal for organizing ideas, writing plans and taking notes. With an elegant design, this notebook is the perfect item to help you organize your daily life.<\/p>","protected":false},"featured_media":9010,"template":"","meta":[],"product_cat":[51,90],"product_tag":[],"class_list":["post-9005","product","type-product","status-publish","has-post-thumbnail","hentry","product_cat-papelaria","product_cat-notebooks"],"acf":[],"brands":[],"yoast_head":"<!-- This site is optimized with the Yoast SEO Premium plugin v17.7 (Yoast SEO v19.9) - https:\/\/yoast.com\/wordpress\/plugins\/seo\/ -->\n<title>Caderno A6 Borboleta - Azores Lovers<\/title>\n<meta name=\"robots\" content=\"index, follow, max-snippet:-1, max-image-preview:large, max-video-preview:-1\" \/>\n<link rel=\"canonical\" href=\"https:\/\/azoreslovers.com\/en\/product\/notebooik-a6-butterfly\/\" \/>\n<meta property=\"og:locale\" content=\"en_US\" \/>\n<meta property=\"og:type\" content=\"article\" \/>\n<meta property=\"og:title\" content=\"Caderno A6 Borboleta\" \/>\n<meta property=\"og:description\" content=\"Caderno A6 com desenho de borboleta para notas. Este caderno \u00e9 ideal para organizar ideias, escrever planos e fazer anota\u00e7\u00f5es. Com um design elegante, este notebook \u00e9 o item perfeito para o ajudar a organizar o seu dia-a-dia.\" \/>\n<meta property=\"og:url\" content=\"https:\/\/azoreslovers.com\/en\/product\/notebooik-a6-butterfly\/\" \/>\n<meta property=\"og:site_name\" content=\"Azores Lovers - Lifestyle, Design, Gifts, Souvenirs &amp; Love\" \/>\n<meta property=\"article:modified_time\" content=\"2024-12-06T11:51:53+00:00\" \/>\n<meta property=\"og:image\" content=\"https:\/\/azoreslovers.com\/wp-content\/uploads\/2021\/10\/954999e34439e8760e33949725beba0888532bb1.jpg\" \/>\n\t<meta property=\"og:image:width\" content=\"940\" \/>\n\t<meta property=\"og:image:height\" content=\"705\" \/>\n\t<meta property=\"og:image:type\" content=\"image\/jpeg\" \/>\n<meta name=\"twitter:card\" content=\"summary_large_image\" \/>\n<script type=\"application\/ld+json\" class=\"yoast-schema-graph\">{\"@context\":\"https:\/\/schema.org\",\"@graph\":[{\"@type\":\"WebPage\",\"@id\":\"https:\/\/azoreslovers.com\/produto\/caderno-a6-borboleta\/\",\"url\":\"https:\/\/azoreslovers.com\/produto\/caderno-a6-borboleta\/\",\"name\":\"Caderno A6 Borboleta - Azores Lovers\",\"isPartOf\":{\"@id\":\"https:\/\/azoreslovers.com\/#website\"},\"datePublished\":\"2021-10-29T12:36:54+00:00\",\"dateModified\":\"2024-12-06T11:51:53+00:00\",\"breadcrumb\":{\"@id\":\"https:\/\/azoreslovers.com\/produto\/caderno-a6-borboleta\/#breadcrumb\"},\"inLanguage\":\"en-US\",\"potentialAction\":[{\"@type\":\"ReadAction\",\"target\":[\"https:\/\/azoreslovers.com\/produto\/caderno-a6-borboleta\/\"]}]},{\"@type\":\"BreadcrumbList\",\"@id\":\"https:\/\/azoreslovers.com\/produto\/caderno-a6-borboleta\/#breadcrumb\",\"itemListElement\":[{\"@type\":\"ListItem\",\"position\":1,\"name\":\"Home\",\"item\":\"https:\/\/azoreslovers.com\/\"},{\"@type\":\"ListItem\",\"position\":2,\"name\":\"Azores Lovers Gifts\",\"item\":\"https:\/\/azoreslovers.com\/shop\/\"},{\"@type\":\"ListItem\",\"position\":3,\"name\":\"Caderno A6 Borboleta\"}]},{\"@type\":\"WebSite\",\"@id\":\"https:\/\/azoreslovers.com\/#website\",\"url\":\"https:\/\/azoreslovers.com\/\",\"name\":\"Azores Lovers - Lifestyle, Design, Gifts, Souvenirs &amp; Love\",\"description\":\"Love brand e guia dos A\u00e7ores com sugest\u00f5es de restaurantes, atividades, alojamentos, eventos e souvenirs, \u00e9 onde partilhamos tudo o que h\u00e1 para amar nestas ilhas. A loja da Azores Lovers situa-se em S\u00e3o Miguel, nos A\u00e7ores, Ponta Delgada.\",\"publisher\":{\"@id\":\"https:\/\/azoreslovers.com\/#organization\"},\"potentialAction\":[{\"@type\":\"SearchAction\",\"target\":{\"@type\":\"EntryPoint\",\"urlTemplate\":\"https:\/\/azoreslovers.com\/?s={search_term_string}\"},\"query-input\":\"required name=search_term_string\"}],\"inLanguage\":\"en-US\"},{\"@type\":\"Organization\",\"@id\":\"https:\/\/azoreslovers.com\/#organization\",\"name\":\"Azores Lovers\",\"url\":\"https:\/\/azoreslovers.com\/\",\"logo\":{\"@type\":\"ImageObject\",\"inLanguage\":\"en-US\",\"@id\":\"https:\/\/azoreslovers.com\/#\/schema\/logo\/image\/\",\"url\":\"https:\/\/azoreslovers.com\/wp-content\/uploads\/2021\/12\/azlovers-thumbnail-.png\",\"contentUrl\":\"https:\/\/azoreslovers.com\/wp-content\/uploads\/2021\/12\/azlovers-thumbnail-.png\",\"width\":1200,\"height\":630,\"caption\":\"Azores Lovers\"},\"image\":{\"@id\":\"https:\/\/azoreslovers.com\/#\/schema\/logo\/image\/\"}}]}<\/script>\n<!-- \/ Yoast SEO Premium plugin. -->","yoast_head_json":{"title":"Caderno A6 Borboleta - Azores Lovers","robots":{"index":"index","follow":"follow","max-snippet":"max-snippet:-1","max-image-preview":"max-image-preview:large","max-video-preview":"max-video-preview:-1"},"canonical":"https:\/\/azoreslovers.com\/en\/product\/notebooik-a6-butterfly\/","og_locale":"en_US","og_type":"article","og_title":"Caderno A6 Borboleta","og_description":"Caderno A6 com desenho de borboleta para notas. Este caderno \u00e9 ideal para organizar ideias, escrever planos e fazer anota\u00e7\u00f5es. Com um design elegante, este notebook \u00e9 o item perfeito para o ajudar a organizar o seu dia-a-dia.","og_url":"https:\/\/azoreslovers.com\/en\/product\/notebooik-a6-butterfly\/","og_site_name":"Azores Lovers - Lifestyle, Design, Gifts, Souvenirs &amp; Love","article_modified_time":"2024-12-06T11:51:53+00:00","og_image":[{"width":940,"height":705,"url":"https:\/\/azoreslovers.com\/wp-content\/uploads\/2021\/10\/954999e34439e8760e33949725beba0888532bb1.jpg","type":"image\/jpeg"}],"twitter_card":"summary_large_image","schema":{"@context":"https:\/\/schema.org","@graph":[{"@type":"WebPage","@id":"https:\/\/azoreslovers.com\/produto\/caderno-a6-borboleta\/","url":"https:\/\/azoreslovers.com\/produto\/caderno-a6-borboleta\/","name":"Caderno A6 Borboleta - Azores Lovers","isPartOf":{"@id":"https:\/\/azoreslovers.com\/#website"},"datePublished":"2021-10-29T12:36:54+00:00","dateModified":"2024-12-06T11:51:53+00:00","breadcrumb":{"@id":"https:\/\/azoreslovers.com\/produto\/caderno-a6-borboleta\/#breadcrumb"},"inLanguage":"en-US","potentialAction":[{"@type":"ReadAction","target":["https:\/\/azoreslovers.com\/produto\/caderno-a6-borboleta\/"]}]},{"@type":"BreadcrumbList","@id":"https:\/\/azoreslovers.com\/produto\/caderno-a6-borboleta\/#breadcrumb","itemListElement":[{"@type":"ListItem","position":1,"name":"Home","item":"https:\/\/azoreslovers.com\/"},{"@type":"ListItem","position":2,"name":"Azores Lovers Gifts","item":"https:\/\/azoreslovers.com\/shop\/"},{"@type":"ListItem","position":3,"name":"Caderno A6 Borboleta"}]},{"@type":"WebSite","@id":"https:\/\/azoreslovers.com\/#website","url":"https:\/\/azoreslovers.com\/","name":"Azores Lovers - Lifestyle, Design, Gifts, Souvenirs &amp; Love","description":"Love brand e guia dos A\u00e7ores com sugest\u00f5es de restaurantes, atividades, alojamentos, eventos e souvenirs, \u00e9 onde partilhamos tudo o que h\u00e1 para amar nestas ilhas. A loja da Azores Lovers situa-se em S\u00e3o Miguel, nos A\u00e7ores, Ponta Delgada.","publisher":{"@id":"https:\/\/azoreslovers.com\/#organization"},"potentialAction":[{"@type":"SearchAction","target":{"@type":"EntryPoint","urlTemplate":"https:\/\/azoreslovers.com\/?s={search_term_string}"},"query-input":"required name=search_term_string"}],"inLanguage":"en-US"},{"@type":"Organization","@id":"https:\/\/azoreslovers.com\/#organization","name":"Azores Lovers","url":"https:\/\/azoreslovers.com\/","logo":{"@type":"ImageObject","inLanguage":"en-US","@id":"https:\/\/azoreslovers.com\/#\/schema\/logo\/image\/","url":"https:\/\/azoreslovers.com\/wp-content\/uploads\/2021\/12\/azlovers-thumbnail-.png","contentUrl":"https:\/\/azoreslovers.com\/wp-content\/uploads\/2021\/12\/azlovers-thumbnail-.png","width":1200,"height":630,"caption":"Azores Lovers"},"image":{"@id":"https:\/\/azoreslovers.com\/#\/schema\/logo\/image\/"}}]}},"_links":{"self":[{"href":"https:\/\/azoreslovers.com\/en\/wp-json\/wp\/v2\/product\/9005","targetHints":{"allow":["GET"]}}],"collection":[{"href":"https:\/\/azoreslovers.com\/en\/wp-json\/wp\/v2\/product"}],"about":[{"href":"https:\/\/azoreslovers.com\/en\/wp-json\/wp\/v2\/types\/product"}],"wp:featuredmedia":[{"embeddable":true,"href":"https:\/\/azoreslovers.com\/en\/wp-json\/wp\/v2\/media\/9010"}],"wp:attachment":[{"href":"https:\/\/azoreslovers.com\/en\/wp-json\/wp\/v2\/media?parent=9005"}],"wp:term":[{"taxonomy":"product_cat","embeddable":true,"href":"https:\/\/azoreslovers.com\/en\/wp-json\/wp\/v2\/product_cat?post=9005"},{"taxonomy":"product_tag","embeddable":true,"href":"https:\/\/azoreslovers.com\/en\/wp-json\/wp\/v2\/product_tag?post=9005"}],"curies":[{"name":"wp","href":"https:\/\/api.w.org\/{rel}","templated":true}]}}