{"id":8378,"date":"2021-12-07T11:04:11","date_gmt":"2021-12-07T11:04:11","guid":{"rendered":"https:\/\/azoreslovers.acoresnocoracao.pt\/?post_type=product&#038;p=8378"},"modified":"2024-12-06T14:42:58","modified_gmt":"2024-12-06T14:42:58","slug":"almofada-mistura-de-padroes","status":"publish","type":"product","link":"https:\/\/azoreslovers.com\/en\/product\/mixed-patterns-pillow\/","title":{"rendered":"Mixed Patterns Pillow"},"content":{"rendered":"","protected":false},"excerpt":{"rendered":"<p>One of our\u00a0<b><a href=\"\/en\/categoria\/textil\/almofadas\/\" target=\"_blank\" rel=\"noopener\">decorative pillows<\/a><\/b>\u00a0in polyester fabric inspired by the patterns that are present in the weaving and ceramics of the Azores. This pattern that brings together several of these patterns presents references to hydrangeas, flowers that adorn the Azorean islands, tiles, whales, and embroidery.<\/p>\n<p>This pillow can be sold with or without the pillow insert.<\/p>\n<p><b>Measures<\/b><br \/>\nQuadrangular: 40&#215;40 cm<\/p>","protected":false},"featured_media":8381,"template":"","meta":[],"product_cat":[52,93],"product_tag":[],"class_list":["post-8378","product","type-product","status-publish","has-post-thumbnail","hentry","product_cat-textil","product_cat-almofadas"],"acf":[],"brands":[],"yoast_head":"<!-- This site is optimized with the Yoast SEO Premium plugin v17.7 (Yoast SEO v19.9) - https:\/\/yoast.com\/wordpress\/plugins\/seo\/ -->\n<title>Almofada Mistura de Padr\u00f5es - Azores Lovers<\/title>\n<meta name=\"description\" content=\"A almofada Mistura de Padr\u00f5es \u00e9 uma das nossas almofadas decorativas e \u00e9 uma \u00f3tima almofada para decorar qualquer lar.\" \/>\n<meta name=\"robots\" content=\"index, follow, max-snippet:-1, max-image-preview:large, max-video-preview:-1\" \/>\n<link rel=\"canonical\" href=\"https:\/\/azoreslovers.com\/en\/product\/mixed-patterns-pillow\/\" \/>\n<meta property=\"og:locale\" content=\"en_US\" \/>\n<meta property=\"og:type\" content=\"article\" \/>\n<meta property=\"og:title\" content=\"Almofada Mistura de Padr\u00f5es\" \/>\n<meta property=\"og:description\" content=\"A almofada Mistura de Padr\u00f5es \u00e9 uma das nossas almofadas decorativas e \u00e9 uma \u00f3tima almofada para decorar qualquer lar.\" \/>\n<meta property=\"og:url\" content=\"https:\/\/azoreslovers.com\/en\/product\/mixed-patterns-pillow\/\" \/>\n<meta property=\"og:site_name\" content=\"Azores Lovers - Lifestyle, Design, Gifts, Souvenirs &amp; Love\" \/>\n<meta property=\"article:modified_time\" content=\"2024-12-06T14:42:58+00:00\" \/>\n<meta property=\"og:image\" content=\"https:\/\/azoreslovers.com\/wp-content\/uploads\/2021\/10\/almofada-mistura-de-padroes-sofa.jpg\" \/>\n\t<meta property=\"og:image:width\" content=\"940\" \/>\n\t<meta property=\"og:image:height\" content=\"705\" \/>\n\t<meta property=\"og:image:type\" content=\"image\/jpeg\" \/>\n<meta name=\"twitter:card\" content=\"summary_large_image\" \/>\n<script type=\"application\/ld+json\" class=\"yoast-schema-graph\">{\"@context\":\"https:\/\/schema.org\",\"@graph\":[{\"@type\":\"WebPage\",\"@id\":\"https:\/\/azoreslovers.com\/produto\/almofada-mistura-de-padroes\/\",\"url\":\"https:\/\/azoreslovers.com\/produto\/almofada-mistura-de-padroes\/\",\"name\":\"Almofada Mistura de Padr\u00f5es - Azores Lovers\",\"isPartOf\":{\"@id\":\"https:\/\/azoreslovers.com\/#website\"},\"datePublished\":\"2021-12-07T11:04:11+00:00\",\"dateModified\":\"2024-12-06T14:42:58+00:00\",\"description\":\"A almofada Mistura de Padr\u00f5es \u00e9 uma das nossas almofadas decorativas e \u00e9 uma \u00f3tima almofada para decorar qualquer lar.\",\"breadcrumb\":{\"@id\":\"https:\/\/azoreslovers.com\/produto\/almofada-mistura-de-padroes\/#breadcrumb\"},\"inLanguage\":\"en-US\",\"potentialAction\":[{\"@type\":\"ReadAction\",\"target\":[\"https:\/\/azoreslovers.com\/produto\/almofada-mistura-de-padroes\/\"]}]},{\"@type\":\"BreadcrumbList\",\"@id\":\"https:\/\/azoreslovers.com\/produto\/almofada-mistura-de-padroes\/#breadcrumb\",\"itemListElement\":[{\"@type\":\"ListItem\",\"position\":1,\"name\":\"Home\",\"item\":\"https:\/\/azoreslovers.com\/\"},{\"@type\":\"ListItem\",\"position\":2,\"name\":\"Azores Lovers Gifts\",\"item\":\"https:\/\/azoreslovers.com\/shop\/\"},{\"@type\":\"ListItem\",\"position\":3,\"name\":\"Almofada Mistura de Padr\u00f5es\"}]},{\"@type\":\"WebSite\",\"@id\":\"https:\/\/azoreslovers.com\/#website\",\"url\":\"https:\/\/azoreslovers.com\/\",\"name\":\"Azores Lovers - Lifestyle, Design, Gifts, Souvenirs &amp; Love\",\"description\":\"Love brand e guia dos A\u00e7ores com sugest\u00f5es de restaurantes, atividades, alojamentos, eventos e souvenirs, \u00e9 onde partilhamos tudo o que h\u00e1 para amar nestas ilhas. A loja da Azores Lovers situa-se em S\u00e3o Miguel, nos A\u00e7ores, Ponta Delgada.\",\"publisher\":{\"@id\":\"https:\/\/azoreslovers.com\/#organization\"},\"potentialAction\":[{\"@type\":\"SearchAction\",\"target\":{\"@type\":\"EntryPoint\",\"urlTemplate\":\"https:\/\/azoreslovers.com\/?s={search_term_string}\"},\"query-input\":\"required name=search_term_string\"}],\"inLanguage\":\"en-US\"},{\"@type\":\"Organization\",\"@id\":\"https:\/\/azoreslovers.com\/#organization\",\"name\":\"Azores Lovers\",\"url\":\"https:\/\/azoreslovers.com\/\",\"logo\":{\"@type\":\"ImageObject\",\"inLanguage\":\"en-US\",\"@id\":\"https:\/\/azoreslovers.com\/#\/schema\/logo\/image\/\",\"url\":\"https:\/\/azoreslovers.com\/wp-content\/uploads\/2021\/12\/azlovers-thumbnail-.png\",\"contentUrl\":\"https:\/\/azoreslovers.com\/wp-content\/uploads\/2021\/12\/azlovers-thumbnail-.png\",\"width\":1200,\"height\":630,\"caption\":\"Azores Lovers\"},\"image\":{\"@id\":\"https:\/\/azoreslovers.com\/#\/schema\/logo\/image\/\"}}]}<\/script>\n<!-- \/ Yoast SEO Premium plugin. -->","yoast_head_json":{"title":"Almofada Mistura de Padr\u00f5es - Azores Lovers","description":"A almofada Mistura de Padr\u00f5es \u00e9 uma das nossas almofadas decorativas e \u00e9 uma \u00f3tima almofada para decorar qualquer lar.","robots":{"index":"index","follow":"follow","max-snippet":"max-snippet:-1","max-image-preview":"max-image-preview:large","max-video-preview":"max-video-preview:-1"},"canonical":"https:\/\/azoreslovers.com\/en\/product\/mixed-patterns-pillow\/","og_locale":"en_US","og_type":"article","og_title":"Almofada Mistura de Padr\u00f5es","og_description":"A almofada Mistura de Padr\u00f5es \u00e9 uma das nossas almofadas decorativas e \u00e9 uma \u00f3tima almofada para decorar qualquer lar.","og_url":"https:\/\/azoreslovers.com\/en\/product\/mixed-patterns-pillow\/","og_site_name":"Azores Lovers - Lifestyle, Design, Gifts, Souvenirs &amp; Love","article_modified_time":"2024-12-06T14:42:58+00:00","og_image":[{"width":940,"height":705,"url":"https:\/\/azoreslovers.com\/wp-content\/uploads\/2021\/10\/almofada-mistura-de-padroes-sofa.jpg","type":"image\/jpeg"}],"twitter_card":"summary_large_image","schema":{"@context":"https:\/\/schema.org","@graph":[{"@type":"WebPage","@id":"https:\/\/azoreslovers.com\/produto\/almofada-mistura-de-padroes\/","url":"https:\/\/azoreslovers.com\/produto\/almofada-mistura-de-padroes\/","name":"Almofada Mistura de Padr\u00f5es - Azores Lovers","isPartOf":{"@id":"https:\/\/azoreslovers.com\/#website"},"datePublished":"2021-12-07T11:04:11+00:00","dateModified":"2024-12-06T14:42:58+00:00","description":"A almofada Mistura de Padr\u00f5es \u00e9 uma das nossas almofadas decorativas e \u00e9 uma \u00f3tima almofada para decorar qualquer lar.","breadcrumb":{"@id":"https:\/\/azoreslovers.com\/produto\/almofada-mistura-de-padroes\/#breadcrumb"},"inLanguage":"en-US","potentialAction":[{"@type":"ReadAction","target":["https:\/\/azoreslovers.com\/produto\/almofada-mistura-de-padroes\/"]}]},{"@type":"BreadcrumbList","@id":"https:\/\/azoreslovers.com\/produto\/almofada-mistura-de-padroes\/#breadcrumb","itemListElement":[{"@type":"ListItem","position":1,"name":"Home","item":"https:\/\/azoreslovers.com\/"},{"@type":"ListItem","position":2,"name":"Azores Lovers Gifts","item":"https:\/\/azoreslovers.com\/shop\/"},{"@type":"ListItem","position":3,"name":"Almofada Mistura de Padr\u00f5es"}]},{"@type":"WebSite","@id":"https:\/\/azoreslovers.com\/#website","url":"https:\/\/azoreslovers.com\/","name":"Azores Lovers - Lifestyle, Design, Gifts, Souvenirs &amp; Love","description":"Love brand e guia dos A\u00e7ores com sugest\u00f5es de restaurantes, atividades, alojamentos, eventos e souvenirs, \u00e9 onde partilhamos tudo o que h\u00e1 para amar nestas ilhas. A loja da Azores Lovers situa-se em S\u00e3o Miguel, nos A\u00e7ores, Ponta Delgada.","publisher":{"@id":"https:\/\/azoreslovers.com\/#organization"},"potentialAction":[{"@type":"SearchAction","target":{"@type":"EntryPoint","urlTemplate":"https:\/\/azoreslovers.com\/?s={search_term_string}"},"query-input":"required name=search_term_string"}],"inLanguage":"en-US"},{"@type":"Organization","@id":"https:\/\/azoreslovers.com\/#organization","name":"Azores Lovers","url":"https:\/\/azoreslovers.com\/","logo":{"@type":"ImageObject","inLanguage":"en-US","@id":"https:\/\/azoreslovers.com\/#\/schema\/logo\/image\/","url":"https:\/\/azoreslovers.com\/wp-content\/uploads\/2021\/12\/azlovers-thumbnail-.png","contentUrl":"https:\/\/azoreslovers.com\/wp-content\/uploads\/2021\/12\/azlovers-thumbnail-.png","width":1200,"height":630,"caption":"Azores Lovers"},"image":{"@id":"https:\/\/azoreslovers.com\/#\/schema\/logo\/image\/"}}]}},"_links":{"self":[{"href":"https:\/\/azoreslovers.com\/en\/wp-json\/wp\/v2\/product\/8378","targetHints":{"allow":["GET"]}}],"collection":[{"href":"https:\/\/azoreslovers.com\/en\/wp-json\/wp\/v2\/product"}],"about":[{"href":"https:\/\/azoreslovers.com\/en\/wp-json\/wp\/v2\/types\/product"}],"wp:featuredmedia":[{"embeddable":true,"href":"https:\/\/azoreslovers.com\/en\/wp-json\/wp\/v2\/media\/8381"}],"wp:attachment":[{"href":"https:\/\/azoreslovers.com\/en\/wp-json\/wp\/v2\/media?parent=8378"}],"wp:term":[{"taxonomy":"product_cat","embeddable":true,"href":"https:\/\/azoreslovers.com\/en\/wp-json\/wp\/v2\/product_cat?post=8378"},{"taxonomy":"product_tag","embeddable":true,"href":"https:\/\/azoreslovers.com\/en\/wp-json\/wp\/v2\/product_tag?post=8378"}],"curies":[{"name":"wp","href":"https:\/\/api.w.org\/{rel}","templated":true}]}}