{"id":7547,"date":"2021-10-25T10:36:02","date_gmt":"2021-10-25T10:36:02","guid":{"rendered":"https:\/\/azoreslovers.acoresnocoracao.pt\/?post_type=product&#038;p=7547"},"modified":"2024-12-06T13:09:51","modified_gmt":"2024-12-06T13:09:51","slug":"painel-de-madeira-com-fotografia-da-lagoa-das-sete-cidades","status":"publish","type":"product","link":"https:\/\/azoreslovers.com\/en\/product\/lagoa-das-sete-cidades-photo-wooden-panel\/","title":{"rendered":"Lagoa das Sete Cidades Photo Wooden Panel"},"content":{"rendered":"","protected":false},"excerpt":{"rendered":"<p>Wooden panel with Lagoa das Sete Cidades, which is one of the most well-known landscapes in the Azores. This panel presents a photograph of our lagoon, which is known for its waters that have two different shades, one side is green and the other blue. In addition to this photo panel we also have available a\u00a0<b><a href=\"https:\/\/azoreslovers.com\/en\/product\/lagoa-das-sete-cidades-wooden-panel\/\" target=\"_blank\" rel=\"noopener\">drawing panel<\/a><\/b>.<\/p>\n<p><b>Dimensions:<\/b>\u00a030&#215;20 cm<\/p>","protected":false},"featured_media":7549,"template":"","meta":[],"product_cat":[40,70],"product_tag":[],"class_list":["post-7547","product","type-product","status-publish","has-post-thumbnail","hentry","product_cat-ceramica-decoracao","product_cat-produtos-decorativos"],"acf":[],"brands":[],"yoast_head":"<!-- This site is optimized with the Yoast SEO Premium plugin v17.7 (Yoast SEO v19.9) - https:\/\/yoast.com\/wordpress\/plugins\/seo\/ -->\n<title>Painel de Madeira com Fotografia da Lagoa das Sete Cidades - Azores Lovers<\/title>\n<meta name=\"description\" content=\"Painel em madeira com uma fotografia da Lagoa das Sete Cidades, uma das paisagens mais conhecidas dos A\u00e7ores.\" \/>\n<meta name=\"robots\" content=\"index, follow, max-snippet:-1, max-image-preview:large, max-video-preview:-1\" \/>\n<link rel=\"canonical\" href=\"https:\/\/azoreslovers.com\/en\/product\/lagoa-das-sete-cidades-photo-wooden-panel\/\" \/>\n<meta property=\"og:locale\" content=\"en_US\" \/>\n<meta property=\"og:type\" content=\"article\" \/>\n<meta property=\"og:title\" content=\"Painel de Madeira com Fotografia da Lagoa das Sete Cidades\" \/>\n<meta property=\"og:description\" content=\"Painel em madeira com uma fotografia da Lagoa das Sete Cidades, uma das paisagens mais conhecidas dos A\u00e7ores.\" \/>\n<meta property=\"og:url\" content=\"https:\/\/azoreslovers.com\/en\/product\/lagoa-das-sete-cidades-photo-wooden-panel\/\" \/>\n<meta property=\"og:site_name\" content=\"Azores Lovers - Lifestyle, Design, Gifts, Souvenirs &amp; Love\" \/>\n<meta property=\"article:modified_time\" content=\"2024-12-06T13:09:51+00:00\" \/>\n<meta property=\"og:image\" content=\"https:\/\/azoreslovers.com\/wp-content\/uploads\/2021\/10\/placa_madeira_m144-.jpg\" \/>\n\t<meta property=\"og:image:width\" content=\"940\" \/>\n\t<meta property=\"og:image:height\" content=\"705\" \/>\n\t<meta property=\"og:image:type\" content=\"image\/jpeg\" \/>\n<meta name=\"twitter:card\" content=\"summary_large_image\" \/>\n<script type=\"application\/ld+json\" class=\"yoast-schema-graph\">{\"@context\":\"https:\/\/schema.org\",\"@graph\":[{\"@type\":\"WebPage\",\"@id\":\"https:\/\/azoreslovers.com\/produto\/painel-de-madeira-com-fotografia-da-lagoa-das-sete-cidades\/\",\"url\":\"https:\/\/azoreslovers.com\/produto\/painel-de-madeira-com-fotografia-da-lagoa-das-sete-cidades\/\",\"name\":\"Painel de Madeira com Fotografia da Lagoa das Sete Cidades - Azores Lovers\",\"isPartOf\":{\"@id\":\"https:\/\/azoreslovers.com\/#website\"},\"datePublished\":\"2021-10-25T10:36:02+00:00\",\"dateModified\":\"2024-12-06T13:09:51+00:00\",\"description\":\"Painel em madeira com uma fotografia da Lagoa das Sete Cidades, uma das paisagens mais conhecidas dos A\u00e7ores.\",\"breadcrumb\":{\"@id\":\"https:\/\/azoreslovers.com\/produto\/painel-de-madeira-com-fotografia-da-lagoa-das-sete-cidades\/#breadcrumb\"},\"inLanguage\":\"en-US\",\"potentialAction\":[{\"@type\":\"ReadAction\",\"target\":[\"https:\/\/azoreslovers.com\/produto\/painel-de-madeira-com-fotografia-da-lagoa-das-sete-cidades\/\"]}]},{\"@type\":\"BreadcrumbList\",\"@id\":\"https:\/\/azoreslovers.com\/produto\/painel-de-madeira-com-fotografia-da-lagoa-das-sete-cidades\/#breadcrumb\",\"itemListElement\":[{\"@type\":\"ListItem\",\"position\":1,\"name\":\"Home\",\"item\":\"https:\/\/azoreslovers.com\/\"},{\"@type\":\"ListItem\",\"position\":2,\"name\":\"Azores Lovers Gifts\",\"item\":\"https:\/\/azoreslovers.com\/shop\/\"},{\"@type\":\"ListItem\",\"position\":3,\"name\":\"Painel de Madeira com Fotografia da Lagoa das Sete Cidades\"}]},{\"@type\":\"WebSite\",\"@id\":\"https:\/\/azoreslovers.com\/#website\",\"url\":\"https:\/\/azoreslovers.com\/\",\"name\":\"Azores Lovers - Lifestyle, Design, Gifts, Souvenirs &amp; Love\",\"description\":\"Love brand e guia dos A\u00e7ores com sugest\u00f5es de restaurantes, atividades, alojamentos, eventos e souvenirs, \u00e9 onde partilhamos tudo o que h\u00e1 para amar nestas ilhas. A loja da Azores Lovers situa-se em S\u00e3o Miguel, nos A\u00e7ores, Ponta Delgada.\",\"publisher\":{\"@id\":\"https:\/\/azoreslovers.com\/#organization\"},\"potentialAction\":[{\"@type\":\"SearchAction\",\"target\":{\"@type\":\"EntryPoint\",\"urlTemplate\":\"https:\/\/azoreslovers.com\/?s={search_term_string}\"},\"query-input\":\"required name=search_term_string\"}],\"inLanguage\":\"en-US\"},{\"@type\":\"Organization\",\"@id\":\"https:\/\/azoreslovers.com\/#organization\",\"name\":\"Azores Lovers\",\"url\":\"https:\/\/azoreslovers.com\/\",\"logo\":{\"@type\":\"ImageObject\",\"inLanguage\":\"en-US\",\"@id\":\"https:\/\/azoreslovers.com\/#\/schema\/logo\/image\/\",\"url\":\"https:\/\/azoreslovers.com\/wp-content\/uploads\/2021\/12\/azlovers-thumbnail-.png\",\"contentUrl\":\"https:\/\/azoreslovers.com\/wp-content\/uploads\/2021\/12\/azlovers-thumbnail-.png\",\"width\":1200,\"height\":630,\"caption\":\"Azores Lovers\"},\"image\":{\"@id\":\"https:\/\/azoreslovers.com\/#\/schema\/logo\/image\/\"}}]}<\/script>\n<!-- \/ Yoast SEO Premium plugin. -->","yoast_head_json":{"title":"Painel de Madeira com Fotografia da Lagoa das Sete Cidades - Azores Lovers","description":"Painel em madeira com uma fotografia da Lagoa das Sete Cidades, uma das paisagens mais conhecidas dos A\u00e7ores.","robots":{"index":"index","follow":"follow","max-snippet":"max-snippet:-1","max-image-preview":"max-image-preview:large","max-video-preview":"max-video-preview:-1"},"canonical":"https:\/\/azoreslovers.com\/en\/product\/lagoa-das-sete-cidades-photo-wooden-panel\/","og_locale":"en_US","og_type":"article","og_title":"Painel de Madeira com Fotografia da Lagoa das Sete Cidades","og_description":"Painel em madeira com uma fotografia da Lagoa das Sete Cidades, uma das paisagens mais conhecidas dos A\u00e7ores.","og_url":"https:\/\/azoreslovers.com\/en\/product\/lagoa-das-sete-cidades-photo-wooden-panel\/","og_site_name":"Azores Lovers - Lifestyle, Design, Gifts, Souvenirs &amp; Love","article_modified_time":"2024-12-06T13:09:51+00:00","og_image":[{"width":940,"height":705,"url":"https:\/\/azoreslovers.com\/wp-content\/uploads\/2021\/10\/placa_madeira_m144-.jpg","type":"image\/jpeg"}],"twitter_card":"summary_large_image","schema":{"@context":"https:\/\/schema.org","@graph":[{"@type":"WebPage","@id":"https:\/\/azoreslovers.com\/produto\/painel-de-madeira-com-fotografia-da-lagoa-das-sete-cidades\/","url":"https:\/\/azoreslovers.com\/produto\/painel-de-madeira-com-fotografia-da-lagoa-das-sete-cidades\/","name":"Painel de Madeira com Fotografia da Lagoa das Sete Cidades - Azores Lovers","isPartOf":{"@id":"https:\/\/azoreslovers.com\/#website"},"datePublished":"2021-10-25T10:36:02+00:00","dateModified":"2024-12-06T13:09:51+00:00","description":"Painel em madeira com uma fotografia da Lagoa das Sete Cidades, uma das paisagens mais conhecidas dos A\u00e7ores.","breadcrumb":{"@id":"https:\/\/azoreslovers.com\/produto\/painel-de-madeira-com-fotografia-da-lagoa-das-sete-cidades\/#breadcrumb"},"inLanguage":"en-US","potentialAction":[{"@type":"ReadAction","target":["https:\/\/azoreslovers.com\/produto\/painel-de-madeira-com-fotografia-da-lagoa-das-sete-cidades\/"]}]},{"@type":"BreadcrumbList","@id":"https:\/\/azoreslovers.com\/produto\/painel-de-madeira-com-fotografia-da-lagoa-das-sete-cidades\/#breadcrumb","itemListElement":[{"@type":"ListItem","position":1,"name":"Home","item":"https:\/\/azoreslovers.com\/"},{"@type":"ListItem","position":2,"name":"Azores Lovers Gifts","item":"https:\/\/azoreslovers.com\/shop\/"},{"@type":"ListItem","position":3,"name":"Painel de Madeira com Fotografia da Lagoa das Sete Cidades"}]},{"@type":"WebSite","@id":"https:\/\/azoreslovers.com\/#website","url":"https:\/\/azoreslovers.com\/","name":"Azores Lovers - Lifestyle, Design, Gifts, Souvenirs &amp; Love","description":"Love brand e guia dos A\u00e7ores com sugest\u00f5es de restaurantes, atividades, alojamentos, eventos e souvenirs, \u00e9 onde partilhamos tudo o que h\u00e1 para amar nestas ilhas. A loja da Azores Lovers situa-se em S\u00e3o Miguel, nos A\u00e7ores, Ponta Delgada.","publisher":{"@id":"https:\/\/azoreslovers.com\/#organization"},"potentialAction":[{"@type":"SearchAction","target":{"@type":"EntryPoint","urlTemplate":"https:\/\/azoreslovers.com\/?s={search_term_string}"},"query-input":"required name=search_term_string"}],"inLanguage":"en-US"},{"@type":"Organization","@id":"https:\/\/azoreslovers.com\/#organization","name":"Azores Lovers","url":"https:\/\/azoreslovers.com\/","logo":{"@type":"ImageObject","inLanguage":"en-US","@id":"https:\/\/azoreslovers.com\/#\/schema\/logo\/image\/","url":"https:\/\/azoreslovers.com\/wp-content\/uploads\/2021\/12\/azlovers-thumbnail-.png","contentUrl":"https:\/\/azoreslovers.com\/wp-content\/uploads\/2021\/12\/azlovers-thumbnail-.png","width":1200,"height":630,"caption":"Azores Lovers"},"image":{"@id":"https:\/\/azoreslovers.com\/#\/schema\/logo\/image\/"}}]}},"_links":{"self":[{"href":"https:\/\/azoreslovers.com\/en\/wp-json\/wp\/v2\/product\/7547","targetHints":{"allow":["GET"]}}],"collection":[{"href":"https:\/\/azoreslovers.com\/en\/wp-json\/wp\/v2\/product"}],"about":[{"href":"https:\/\/azoreslovers.com\/en\/wp-json\/wp\/v2\/types\/product"}],"wp:featuredmedia":[{"embeddable":true,"href":"https:\/\/azoreslovers.com\/en\/wp-json\/wp\/v2\/media\/7549"}],"wp:attachment":[{"href":"https:\/\/azoreslovers.com\/en\/wp-json\/wp\/v2\/media?parent=7547"}],"wp:term":[{"taxonomy":"product_cat","embeddable":true,"href":"https:\/\/azoreslovers.com\/en\/wp-json\/wp\/v2\/product_cat?post=7547"},{"taxonomy":"product_tag","embeddable":true,"href":"https:\/\/azoreslovers.com\/en\/wp-json\/wp\/v2\/product_tag?post=7547"}],"curies":[{"name":"wp","href":"https:\/\/api.w.org\/{rel}","templated":true}]}}