{"id":7398,"date":"2021-10-22T15:40:24","date_gmt":"2021-10-22T15:40:24","guid":{"rendered":"https:\/\/azoreslovers.acoresnocoracao.pt\/?post_type=product&#038;p=7398"},"modified":"2024-12-06T13:13:48","modified_gmt":"2024-12-06T13:13:48","slug":"candeeiro-buzio","status":"publish","type":"product","link":"https:\/\/azoreslovers.com\/en\/product\/conch-shell-lamp\/","title":{"rendered":"Conch Shell Lamp"},"content":{"rendered":"","protected":false},"excerpt":{"rendered":"<p>Translucent porcelain lamp in the shape of a conch which has an adapter for the lamp and a switch. This conch shell lamp is simple and elegant and it is the perfect souvenir for those who like maritime motifs and relax so that you never forget the Azores. This lamp can be found in two sizes, a smaller one and a larger one.<\/p>","protected":false},"featured_media":7400,"template":"","meta":[],"product_cat":[40,70],"product_tag":[],"class_list":["post-7398","product","type-product","status-publish","has-post-thumbnail","hentry","product_cat-ceramica-decoracao","product_cat-produtos-decorativos"],"acf":[],"brands":[],"yoast_head":"<!-- This site is optimized with the Yoast SEO Premium plugin v17.7 (Yoast SEO v19.9) - https:\/\/yoast.com\/wordpress\/plugins\/seo\/ -->\n<title>Candeeiro B\u00fazio - Azores Lovers<\/title>\n<meta name=\"description\" content=\"Candeeiro decorativo em forma de b\u00fazio ideal para quem adora decora\u00e7\u00e3o mar\u00edtima.\" \/>\n<meta name=\"robots\" content=\"index, follow, max-snippet:-1, max-image-preview:large, max-video-preview:-1\" \/>\n<link rel=\"canonical\" href=\"https:\/\/azoreslovers.com\/en\/product\/conch-shell-lamp\/\" \/>\n<meta property=\"og:locale\" content=\"en_US\" \/>\n<meta property=\"og:type\" content=\"article\" \/>\n<meta property=\"og:title\" content=\"Candeeiro B\u00fazio\" \/>\n<meta property=\"og:description\" content=\"Candeeiro decorativo em forma de b\u00fazio ideal para quem adora decora\u00e7\u00e3o mar\u00edtima.\" \/>\n<meta property=\"og:url\" content=\"https:\/\/azoreslovers.com\/en\/product\/conch-shell-lamp\/\" \/>\n<meta property=\"og:site_name\" content=\"Azores Lovers - Lifestyle, Design, Gifts, Souvenirs &amp; Love\" \/>\n<meta property=\"article:modified_time\" content=\"2024-12-06T13:13:48+00:00\" \/>\n<meta property=\"og:image\" content=\"https:\/\/azoreslovers.com\/wp-content\/uploads\/2021\/10\/candeeiro_buzio.jpg\" \/>\n\t<meta property=\"og:image:width\" content=\"940\" \/>\n\t<meta property=\"og:image:height\" content=\"705\" \/>\n\t<meta property=\"og:image:type\" content=\"image\/jpeg\" \/>\n<meta name=\"twitter:card\" content=\"summary_large_image\" \/>\n<script type=\"application\/ld+json\" class=\"yoast-schema-graph\">{\"@context\":\"https:\/\/schema.org\",\"@graph\":[{\"@type\":\"WebPage\",\"@id\":\"https:\/\/azoreslovers.com\/produto\/candeeiro-buzio\/\",\"url\":\"https:\/\/azoreslovers.com\/produto\/candeeiro-buzio\/\",\"name\":\"Candeeiro B\u00fazio - Azores Lovers\",\"isPartOf\":{\"@id\":\"https:\/\/azoreslovers.com\/#website\"},\"datePublished\":\"2021-10-22T15:40:24+00:00\",\"dateModified\":\"2024-12-06T13:13:48+00:00\",\"description\":\"Candeeiro decorativo em forma de b\u00fazio ideal para quem adora decora\u00e7\u00e3o mar\u00edtima.\",\"breadcrumb\":{\"@id\":\"https:\/\/azoreslovers.com\/produto\/candeeiro-buzio\/#breadcrumb\"},\"inLanguage\":\"en-US\",\"potentialAction\":[{\"@type\":\"ReadAction\",\"target\":[\"https:\/\/azoreslovers.com\/produto\/candeeiro-buzio\/\"]}]},{\"@type\":\"BreadcrumbList\",\"@id\":\"https:\/\/azoreslovers.com\/produto\/candeeiro-buzio\/#breadcrumb\",\"itemListElement\":[{\"@type\":\"ListItem\",\"position\":1,\"name\":\"Home\",\"item\":\"https:\/\/azoreslovers.com\/\"},{\"@type\":\"ListItem\",\"position\":2,\"name\":\"Azores Lovers Gifts\",\"item\":\"https:\/\/azoreslovers.com\/shop\/\"},{\"@type\":\"ListItem\",\"position\":3,\"name\":\"Candeeiro B\u00fazio\"}]},{\"@type\":\"WebSite\",\"@id\":\"https:\/\/azoreslovers.com\/#website\",\"url\":\"https:\/\/azoreslovers.com\/\",\"name\":\"Azores Lovers - Lifestyle, Design, Gifts, Souvenirs &amp; Love\",\"description\":\"Love brand e guia dos A\u00e7ores com sugest\u00f5es de restaurantes, atividades, alojamentos, eventos e souvenirs, \u00e9 onde partilhamos tudo o que h\u00e1 para amar nestas ilhas. A loja da Azores Lovers situa-se em S\u00e3o Miguel, nos A\u00e7ores, Ponta Delgada.\",\"publisher\":{\"@id\":\"https:\/\/azoreslovers.com\/#organization\"},\"potentialAction\":[{\"@type\":\"SearchAction\",\"target\":{\"@type\":\"EntryPoint\",\"urlTemplate\":\"https:\/\/azoreslovers.com\/?s={search_term_string}\"},\"query-input\":\"required name=search_term_string\"}],\"inLanguage\":\"en-US\"},{\"@type\":\"Organization\",\"@id\":\"https:\/\/azoreslovers.com\/#organization\",\"name\":\"Azores Lovers\",\"url\":\"https:\/\/azoreslovers.com\/\",\"logo\":{\"@type\":\"ImageObject\",\"inLanguage\":\"en-US\",\"@id\":\"https:\/\/azoreslovers.com\/#\/schema\/logo\/image\/\",\"url\":\"https:\/\/azoreslovers.com\/wp-content\/uploads\/2021\/12\/azlovers-thumbnail-.png\",\"contentUrl\":\"https:\/\/azoreslovers.com\/wp-content\/uploads\/2021\/12\/azlovers-thumbnail-.png\",\"width\":1200,\"height\":630,\"caption\":\"Azores Lovers\"},\"image\":{\"@id\":\"https:\/\/azoreslovers.com\/#\/schema\/logo\/image\/\"}}]}<\/script>\n<!-- \/ Yoast SEO Premium plugin. -->","yoast_head_json":{"title":"Candeeiro B\u00fazio - Azores Lovers","description":"Candeeiro decorativo em forma de b\u00fazio ideal para quem adora decora\u00e7\u00e3o mar\u00edtima.","robots":{"index":"index","follow":"follow","max-snippet":"max-snippet:-1","max-image-preview":"max-image-preview:large","max-video-preview":"max-video-preview:-1"},"canonical":"https:\/\/azoreslovers.com\/en\/product\/conch-shell-lamp\/","og_locale":"en_US","og_type":"article","og_title":"Candeeiro B\u00fazio","og_description":"Candeeiro decorativo em forma de b\u00fazio ideal para quem adora decora\u00e7\u00e3o mar\u00edtima.","og_url":"https:\/\/azoreslovers.com\/en\/product\/conch-shell-lamp\/","og_site_name":"Azores Lovers - Lifestyle, Design, Gifts, Souvenirs &amp; Love","article_modified_time":"2024-12-06T13:13:48+00:00","og_image":[{"width":940,"height":705,"url":"https:\/\/azoreslovers.com\/wp-content\/uploads\/2021\/10\/candeeiro_buzio.jpg","type":"image\/jpeg"}],"twitter_card":"summary_large_image","schema":{"@context":"https:\/\/schema.org","@graph":[{"@type":"WebPage","@id":"https:\/\/azoreslovers.com\/produto\/candeeiro-buzio\/","url":"https:\/\/azoreslovers.com\/produto\/candeeiro-buzio\/","name":"Candeeiro B\u00fazio - Azores Lovers","isPartOf":{"@id":"https:\/\/azoreslovers.com\/#website"},"datePublished":"2021-10-22T15:40:24+00:00","dateModified":"2024-12-06T13:13:48+00:00","description":"Candeeiro decorativo em forma de b\u00fazio ideal para quem adora decora\u00e7\u00e3o mar\u00edtima.","breadcrumb":{"@id":"https:\/\/azoreslovers.com\/produto\/candeeiro-buzio\/#breadcrumb"},"inLanguage":"en-US","potentialAction":[{"@type":"ReadAction","target":["https:\/\/azoreslovers.com\/produto\/candeeiro-buzio\/"]}]},{"@type":"BreadcrumbList","@id":"https:\/\/azoreslovers.com\/produto\/candeeiro-buzio\/#breadcrumb","itemListElement":[{"@type":"ListItem","position":1,"name":"Home","item":"https:\/\/azoreslovers.com\/"},{"@type":"ListItem","position":2,"name":"Azores Lovers Gifts","item":"https:\/\/azoreslovers.com\/shop\/"},{"@type":"ListItem","position":3,"name":"Candeeiro B\u00fazio"}]},{"@type":"WebSite","@id":"https:\/\/azoreslovers.com\/#website","url":"https:\/\/azoreslovers.com\/","name":"Azores Lovers - Lifestyle, Design, Gifts, Souvenirs &amp; Love","description":"Love brand e guia dos A\u00e7ores com sugest\u00f5es de restaurantes, atividades, alojamentos, eventos e souvenirs, \u00e9 onde partilhamos tudo o que h\u00e1 para amar nestas ilhas. A loja da Azores Lovers situa-se em S\u00e3o Miguel, nos A\u00e7ores, Ponta Delgada.","publisher":{"@id":"https:\/\/azoreslovers.com\/#organization"},"potentialAction":[{"@type":"SearchAction","target":{"@type":"EntryPoint","urlTemplate":"https:\/\/azoreslovers.com\/?s={search_term_string}"},"query-input":"required name=search_term_string"}],"inLanguage":"en-US"},{"@type":"Organization","@id":"https:\/\/azoreslovers.com\/#organization","name":"Azores Lovers","url":"https:\/\/azoreslovers.com\/","logo":{"@type":"ImageObject","inLanguage":"en-US","@id":"https:\/\/azoreslovers.com\/#\/schema\/logo\/image\/","url":"https:\/\/azoreslovers.com\/wp-content\/uploads\/2021\/12\/azlovers-thumbnail-.png","contentUrl":"https:\/\/azoreslovers.com\/wp-content\/uploads\/2021\/12\/azlovers-thumbnail-.png","width":1200,"height":630,"caption":"Azores Lovers"},"image":{"@id":"https:\/\/azoreslovers.com\/#\/schema\/logo\/image\/"}}]}},"_links":{"self":[{"href":"https:\/\/azoreslovers.com\/en\/wp-json\/wp\/v2\/product\/7398","targetHints":{"allow":["GET"]}}],"collection":[{"href":"https:\/\/azoreslovers.com\/en\/wp-json\/wp\/v2\/product"}],"about":[{"href":"https:\/\/azoreslovers.com\/en\/wp-json\/wp\/v2\/types\/product"}],"wp:featuredmedia":[{"embeddable":true,"href":"https:\/\/azoreslovers.com\/en\/wp-json\/wp\/v2\/media\/7400"}],"wp:attachment":[{"href":"https:\/\/azoreslovers.com\/en\/wp-json\/wp\/v2\/media?parent=7398"}],"wp:term":[{"taxonomy":"product_cat","embeddable":true,"href":"https:\/\/azoreslovers.com\/en\/wp-json\/wp\/v2\/product_cat?post=7398"},{"taxonomy":"product_tag","embeddable":true,"href":"https:\/\/azoreslovers.com\/en\/wp-json\/wp\/v2\/product_tag?post=7398"}],"curies":[{"name":"wp","href":"https:\/\/api.w.org\/{rel}","templated":true}]}}