{"id":21811,"date":"2022-02-16T10:47:44","date_gmt":"2022-02-16T10:47:44","guid":{"rendered":"https:\/\/azoreslovers.com\/?post_type=product&#038;p=21811"},"modified":"2025-01-07T12:51:43","modified_gmt":"2025-01-07T12:51:43","slug":"atum-santa-catarina-pack-de-4-unidades","status":"publish","type":"product","link":"https:\/\/azoreslovers.com\/en\/product\/atum-santa-catarina-pack-de-4-unidades\/","title":{"rendered":"Santa Catarina Tuna- Pack of 4"},"content":{"rendered":"","protected":false},"excerpt":{"rendered":"<p>Pack of 4 cans of tunas fillets with different and unique flavours of Azores Pepper, Basil, Curry and Raw Sauce. \nAll flavours of these tunas fillets are characterised by their mild and slightly salty flavour.<\/p>","protected":false},"featured_media":0,"template":"","meta":[],"product_cat":[39,72],"product_tag":[],"class_list":["post-21811","product","type-product","status-publish","hentry","pwb-brand-santa-catarina","product_cat-gastronomia-regional","product_cat-atum"],"acf":[],"brands":[{"id":311,"name":"Santa catarina","slug":"santa-catarina"}],"yoast_head":"<!-- This site is optimized with the Yoast SEO Premium plugin v17.7 (Yoast SEO v19.9) - https:\/\/yoast.com\/wordpress\/plugins\/seo\/ -->\n<title>Atum Santa Catarina - Pack de 4 unidades - Azores Lovers - Lifestyle, Design, Gifts, Souvenirs &amp; Love<\/title>\n<meta name=\"robots\" content=\"index, follow, max-snippet:-1, max-image-preview:large, max-video-preview:-1\" \/>\n<link rel=\"canonical\" href=\"https:\/\/azoreslovers.com\/en\/product\/atum-santa-catarina-pack-de-4-unidades\/\" \/>\n<meta property=\"og:locale\" content=\"en_US\" \/>\n<meta property=\"og:type\" content=\"article\" \/>\n<meta property=\"og:title\" content=\"Atum Santa Catarina - Pack de 4 unidades\" \/>\n<meta property=\"og:description\" content=\"Pack de 4 latas de filetes de atum com sabores diferenciados e \u00fanicos de Pimenta dos A\u00e7ores, Manjeric\u00e3o, Caril e Molho Cru. Todos os sabores destes filetes de atum s\u00e3o caraterizados pelo seu sabor suave e levemente salgado.\" \/>\n<meta property=\"og:url\" content=\"https:\/\/azoreslovers.com\/en\/product\/atum-santa-catarina-pack-de-4-unidades\/\" \/>\n<meta property=\"og:site_name\" content=\"Azores Lovers - Lifestyle, Design, Gifts, Souvenirs &amp; Love\" \/>\n<meta property=\"article:modified_time\" content=\"2025-01-07T12:51:43+00:00\" \/>\n<meta property=\"og:image\" content=\"https:\/\/azoreslovers.com\/wp-content\/uploads\/2022\/02\/10-6.png\" \/>\n\t<meta property=\"og:image:width\" content=\"940\" \/>\n\t<meta property=\"og:image:height\" content=\"705\" \/>\n\t<meta property=\"og:image:type\" content=\"image\/png\" \/>\n<meta name=\"twitter:card\" content=\"summary_large_image\" \/>\n<script type=\"application\/ld+json\" class=\"yoast-schema-graph\">{\"@context\":\"https:\/\/schema.org\",\"@graph\":[{\"@type\":\"WebPage\",\"@id\":\"https:\/\/azoreslovers.com\/produto\/atum-santa-catarina-pack-de-4-unidades\/\",\"url\":\"https:\/\/azoreslovers.com\/produto\/atum-santa-catarina-pack-de-4-unidades\/\",\"name\":\"Atum Santa Catarina - Pack de 4 unidades - Azores Lovers - Lifestyle, Design, Gifts, Souvenirs &amp; Love\",\"isPartOf\":{\"@id\":\"https:\/\/azoreslovers.com\/#website\"},\"datePublished\":\"2022-02-16T10:47:44+00:00\",\"dateModified\":\"2025-01-07T12:51:43+00:00\",\"breadcrumb\":{\"@id\":\"https:\/\/azoreslovers.com\/produto\/atum-santa-catarina-pack-de-4-unidades\/#breadcrumb\"},\"inLanguage\":\"en-US\",\"potentialAction\":[{\"@type\":\"ReadAction\",\"target\":[\"https:\/\/azoreslovers.com\/produto\/atum-santa-catarina-pack-de-4-unidades\/\"]}]},{\"@type\":\"BreadcrumbList\",\"@id\":\"https:\/\/azoreslovers.com\/produto\/atum-santa-catarina-pack-de-4-unidades\/#breadcrumb\",\"itemListElement\":[{\"@type\":\"ListItem\",\"position\":1,\"name\":\"Home\",\"item\":\"https:\/\/azoreslovers.com\/\"},{\"@type\":\"ListItem\",\"position\":2,\"name\":\"Azores Lovers Gifts\",\"item\":\"https:\/\/azoreslovers.com\/shop\/\"},{\"@type\":\"ListItem\",\"position\":3,\"name\":\"Atum Santa Catarina &#8211; Pack de 4 unidades\"}]},{\"@type\":\"WebSite\",\"@id\":\"https:\/\/azoreslovers.com\/#website\",\"url\":\"https:\/\/azoreslovers.com\/\",\"name\":\"Azores Lovers - Lifestyle, Design, Gifts, Souvenirs &amp; Love\",\"description\":\"Love brand e guia dos A\u00e7ores com sugest\u00f5es de restaurantes, atividades, alojamentos, eventos e souvenirs, \u00e9 onde partilhamos tudo o que h\u00e1 para amar nestas ilhas. A loja da Azores Lovers situa-se em S\u00e3o Miguel, nos A\u00e7ores, Ponta Delgada.\",\"publisher\":{\"@id\":\"https:\/\/azoreslovers.com\/#organization\"},\"potentialAction\":[{\"@type\":\"SearchAction\",\"target\":{\"@type\":\"EntryPoint\",\"urlTemplate\":\"https:\/\/azoreslovers.com\/?s={search_term_string}\"},\"query-input\":\"required name=search_term_string\"}],\"inLanguage\":\"en-US\"},{\"@type\":\"Organization\",\"@id\":\"https:\/\/azoreslovers.com\/#organization\",\"name\":\"Azores Lovers\",\"url\":\"https:\/\/azoreslovers.com\/\",\"logo\":{\"@type\":\"ImageObject\",\"inLanguage\":\"en-US\",\"@id\":\"https:\/\/azoreslovers.com\/#\/schema\/logo\/image\/\",\"url\":\"https:\/\/azoreslovers.com\/wp-content\/uploads\/2021\/12\/azlovers-thumbnail-.png\",\"contentUrl\":\"https:\/\/azoreslovers.com\/wp-content\/uploads\/2021\/12\/azlovers-thumbnail-.png\",\"width\":1200,\"height\":630,\"caption\":\"Azores Lovers\"},\"image\":{\"@id\":\"https:\/\/azoreslovers.com\/#\/schema\/logo\/image\/\"}}]}<\/script>\n<!-- \/ Yoast SEO Premium plugin. -->","yoast_head_json":{"title":"Atum Santa Catarina - Pack de 4 unidades - Azores Lovers - Lifestyle, Design, Gifts, Souvenirs &amp; Love","robots":{"index":"index","follow":"follow","max-snippet":"max-snippet:-1","max-image-preview":"max-image-preview:large","max-video-preview":"max-video-preview:-1"},"canonical":"https:\/\/azoreslovers.com\/en\/product\/atum-santa-catarina-pack-de-4-unidades\/","og_locale":"en_US","og_type":"article","og_title":"Atum Santa Catarina - Pack de 4 unidades","og_description":"Pack de 4 latas de filetes de atum com sabores diferenciados e \u00fanicos de Pimenta dos A\u00e7ores, Manjeric\u00e3o, Caril e Molho Cru. Todos os sabores destes filetes de atum s\u00e3o caraterizados pelo seu sabor suave e levemente salgado.","og_url":"https:\/\/azoreslovers.com\/en\/product\/atum-santa-catarina-pack-de-4-unidades\/","og_site_name":"Azores Lovers - Lifestyle, Design, Gifts, Souvenirs &amp; Love","article_modified_time":"2025-01-07T12:51:43+00:00","og_image":[{"width":940,"height":705,"url":"https:\/\/azoreslovers.com\/wp-content\/uploads\/2022\/02\/10-6.png","type":"image\/png"}],"twitter_card":"summary_large_image","schema":{"@context":"https:\/\/schema.org","@graph":[{"@type":"WebPage","@id":"https:\/\/azoreslovers.com\/produto\/atum-santa-catarina-pack-de-4-unidades\/","url":"https:\/\/azoreslovers.com\/produto\/atum-santa-catarina-pack-de-4-unidades\/","name":"Atum Santa Catarina - Pack de 4 unidades - Azores Lovers - Lifestyle, Design, Gifts, Souvenirs &amp; Love","isPartOf":{"@id":"https:\/\/azoreslovers.com\/#website"},"datePublished":"2022-02-16T10:47:44+00:00","dateModified":"2025-01-07T12:51:43+00:00","breadcrumb":{"@id":"https:\/\/azoreslovers.com\/produto\/atum-santa-catarina-pack-de-4-unidades\/#breadcrumb"},"inLanguage":"en-US","potentialAction":[{"@type":"ReadAction","target":["https:\/\/azoreslovers.com\/produto\/atum-santa-catarina-pack-de-4-unidades\/"]}]},{"@type":"BreadcrumbList","@id":"https:\/\/azoreslovers.com\/produto\/atum-santa-catarina-pack-de-4-unidades\/#breadcrumb","itemListElement":[{"@type":"ListItem","position":1,"name":"Home","item":"https:\/\/azoreslovers.com\/"},{"@type":"ListItem","position":2,"name":"Azores Lovers Gifts","item":"https:\/\/azoreslovers.com\/shop\/"},{"@type":"ListItem","position":3,"name":"Atum Santa Catarina &#8211; Pack de 4 unidades"}]},{"@type":"WebSite","@id":"https:\/\/azoreslovers.com\/#website","url":"https:\/\/azoreslovers.com\/","name":"Azores Lovers - Lifestyle, Design, Gifts, Souvenirs &amp; Love","description":"Love brand e guia dos A\u00e7ores com sugest\u00f5es de restaurantes, atividades, alojamentos, eventos e souvenirs, \u00e9 onde partilhamos tudo o que h\u00e1 para amar nestas ilhas. A loja da Azores Lovers situa-se em S\u00e3o Miguel, nos A\u00e7ores, Ponta Delgada.","publisher":{"@id":"https:\/\/azoreslovers.com\/#organization"},"potentialAction":[{"@type":"SearchAction","target":{"@type":"EntryPoint","urlTemplate":"https:\/\/azoreslovers.com\/?s={search_term_string}"},"query-input":"required name=search_term_string"}],"inLanguage":"en-US"},{"@type":"Organization","@id":"https:\/\/azoreslovers.com\/#organization","name":"Azores Lovers","url":"https:\/\/azoreslovers.com\/","logo":{"@type":"ImageObject","inLanguage":"en-US","@id":"https:\/\/azoreslovers.com\/#\/schema\/logo\/image\/","url":"https:\/\/azoreslovers.com\/wp-content\/uploads\/2021\/12\/azlovers-thumbnail-.png","contentUrl":"https:\/\/azoreslovers.com\/wp-content\/uploads\/2021\/12\/azlovers-thumbnail-.png","width":1200,"height":630,"caption":"Azores Lovers"},"image":{"@id":"https:\/\/azoreslovers.com\/#\/schema\/logo\/image\/"}}]}},"_links":{"self":[{"href":"https:\/\/azoreslovers.com\/en\/wp-json\/wp\/v2\/product\/21811","targetHints":{"allow":["GET"]}}],"collection":[{"href":"https:\/\/azoreslovers.com\/en\/wp-json\/wp\/v2\/product"}],"about":[{"href":"https:\/\/azoreslovers.com\/en\/wp-json\/wp\/v2\/types\/product"}],"wp:attachment":[{"href":"https:\/\/azoreslovers.com\/en\/wp-json\/wp\/v2\/media?parent=21811"}],"wp:term":[{"taxonomy":"product_cat","embeddable":true,"href":"https:\/\/azoreslovers.com\/en\/wp-json\/wp\/v2\/product_cat?post=21811"},{"taxonomy":"product_tag","embeddable":true,"href":"https:\/\/azoreslovers.com\/en\/wp-json\/wp\/v2\/product_tag?post=21811"}],"curies":[{"name":"wp","href":"https:\/\/api.w.org\/{rel}","templated":true}]}}