{"id":6173,"date":"2021-10-18T10:11:38","date_gmt":"2021-10-18T10:11:38","guid":{"rendered":"https:\/\/azoreslovers.acoresnocoracao.pt\/?page_id=6173"},"modified":"2021-10-18T10:13:12","modified_gmt":"2021-10-18T10:13:12","slug":"termos-e-condicoes","status":"publish","type":"page","link":"https:\/\/azoreslovers.com\/en\/termos-e-condicoes\/","title":{"rendered":"Terms and Conditions"},"content":{"rendered":"<div data-elementor-type=\"wp-page\" data-elementor-id=\"6173\" class=\"elementor elementor-6173\" data-elementor-settings=\"[]\">\n\t\t\t\t\t\t\t<div class=\"elementor-section-wrap\">\n\t\t\t\t\t\t\t\n\t\t<section class=\"elementor-section elementor-top-section elementor-element elementor-element-b9371a6 elementor-hidden-mobile elementor-section-boxed elementor-section-height-default elementor-section-height-default\" data-id=\"b9371a6\" data-element_type=\"section\">\n\t\t\n\t\t\t\t\t\t\t\t\t\t<div class=\"elementor-container elementor-column-gap-default\" >\n\n\t\t\t\t\n\t\t\t\t\t\t\t\t\t\t\t\t\t\t<div class=\"elementor-column elementor-col-100 elementor-top-column elementor-element elementor-element-cd1e20a\" data-id=\"cd1e20a\" data-element_type=\"column\">\n\t\t\t\n\t\t\t\n\t\t\t\n\t\t\t<div class=\"elementor-widget-wrap elementor-element-populated\">\n\t\t\t\t\t\t\t\t<div class=\"elementor-element elementor-element-2649d9c elementor-nav-menu__align-center menu elementor-nav-menu--dropdown-tablet elementor-nav-menu__text-align-aside elementor-nav-menu--toggle elementor-nav-menu--burger elementor-widget elementor-widget-nav-menu\" data-id=\"2649d9c\" data-element_type=\"widget\" data-settings=\"{&quot;layout&quot;:&quot;horizontal&quot;,&quot;submenu_icon&quot;:{&quot;value&quot;:&quot;&lt;i class=\\&quot;fas fa-caret-down\\&quot;&gt;&lt;\\\/i&gt;&quot;,&quot;library&quot;:&quot;fa-solid&quot;},&quot;toggle&quot;:&quot;burger&quot;}\" data-widget_type=\"nav-menu.default\">\n\t\t\t\t<div class=\"elementor-widget-container\">\n\t\t\t\t\t\t<nav migration_allowed=\"1\" migrated=\"0\" role=\"navigation\" class=\"elementor-nav-menu--main elementor-nav-menu__container elementor-nav-menu--layout-horizontal e--pointer-underline e--animation-fade\"><ul id=\"menu-1-2649d9c\" class=\"elementor-nav-menu\"><li class=\"menu-item menu-item-type-post_type menu-item-object-page menu-item-21794\"><a href=\"https:\/\/azoreslovers.com\/en\/contacts\/\" class=\"elementor-item\">Quer a Azores Lovers na sua Loja?<\/a><\/li>\n<li class=\"menu-item menu-item-type-post_type menu-item-object-page menu-item-6179\"><a href=\"https:\/\/azoreslovers.com\/en\/como-encomendar\/\" class=\"elementor-item\">How to Order<\/a><\/li>\n<li class=\"menu-item menu-item-type-post_type menu-item-object-page menu-item-6180\"><a href=\"https:\/\/azoreslovers.com\/en\/devolucoes-e-trocas\/\" class=\"elementor-item\">Returns and Exchanges<\/a><\/li>\n<li class=\"menu-item menu-item-type-post_type menu-item-object-page menu-item-privacy-policy menu-item-6107\"><a rel=\"privacy-policy\" href=\"https:\/\/azoreslovers.com\/en\/politica-de-privacidade\/\" class=\"elementor-item\">Privacy Policy<\/a><\/li>\n<li class=\"menu-item menu-item-type-post_type menu-item-object-page menu-item-6178\"><a href=\"https:\/\/azoreslovers.com\/en\/termos-e-condicoes\/\" class=\"elementor-item\">Terms and Conditions<\/a><\/li>\n<\/ul><\/nav>\n\t\t\t\t\t<div class=\"elementor-menu-toggle\" role=\"button\" tabindex=\"0\" aria-label=\"Menu Toggle\" aria-expanded=\"false\">\n\t\t\t<i aria-hidden=\"true\" role=\"presentation\" class=\"eicon-menu-bar\"><\/i>\t\t\t<span class=\"elementor-screen-only\">Menu<\/span>\n\t\t<\/div>\n\t\t\t<nav class=\"elementor-nav-menu--dropdown elementor-nav-menu__container\" role=\"navigation\" aria-hidden=\"true\"><ul id=\"menu-2-2649d9c\" class=\"elementor-nav-menu\"><li class=\"menu-item menu-item-type-post_type menu-item-object-page menu-item-21794\"><a href=\"https:\/\/azoreslovers.com\/en\/contacts\/\" class=\"elementor-item\" tabindex=\"-1\">Quer a Azores Lovers na sua Loja?<\/a><\/li>\n<li class=\"menu-item menu-item-type-post_type menu-item-object-page menu-item-6179\"><a href=\"https:\/\/azoreslovers.com\/en\/como-encomendar\/\" class=\"elementor-item\" tabindex=\"-1\">How to Order<\/a><\/li>\n<li class=\"menu-item menu-item-type-post_type menu-item-object-page menu-item-6180\"><a href=\"https:\/\/azoreslovers.com\/en\/devolucoes-e-trocas\/\" class=\"elementor-item\" tabindex=\"-1\">Returns and Exchanges<\/a><\/li>\n<li class=\"menu-item menu-item-type-post_type menu-item-object-page menu-item-privacy-policy menu-item-6107\"><a rel=\"privacy-policy\" href=\"https:\/\/azoreslovers.com\/en\/politica-de-privacidade\/\" class=\"elementor-item\" tabindex=\"-1\">Privacy Policy<\/a><\/li>\n<li class=\"menu-item menu-item-type-post_type menu-item-object-page menu-item-6178\"><a href=\"https:\/\/azoreslovers.com\/en\/termos-e-condicoes\/\" class=\"elementor-item\" tabindex=\"-1\">Terms and Conditions<\/a><\/li>\n<\/ul><\/nav>\n\t\t\t\t<\/div>\n\t\t\t\t<\/div>\n\t\t\n\t\t\n\t\t\t\t\t\t\t<\/div>\n\t\t\t\n\t\t<\/div>\n\t\t\t\t\t\t\t\t\t\t\t\t\t\t\t\t\t\t\t<\/div>\n\t\t\t\t\t\t<\/section>\n\t\t\t\t\n\t\t<section class=\"elementor-section elementor-top-section elementor-element elementor-element-e08f1c1 elementor-section-boxed elementor-section-height-default elementor-section-height-default\" data-id=\"e08f1c1\" data-element_type=\"section\">\n\t\t\n\t\t\t\t\t\t\t\t\t\t<div class=\"elementor-container elementor-column-gap-default\" >\n\n\t\t\t\t\n\t\t\t\t\t\t\t\t\t\t\t\t\t\t<div class=\"elementor-column elementor-col-100 elementor-top-column elementor-element elementor-element-e4c104d\" data-id=\"e4c104d\" data-element_type=\"column\">\n\t\t\t\n\t\t\t\n\t\t\t\n\t\t\t<div class=\"elementor-widget-wrap elementor-element-populated\">\n\t\t\t\t\t\t\t\t<div class=\"elementor-element elementor-element-e535787 lipagina elementor-widget elementor-widget-text-editor\" data-id=\"e535787\" data-element_type=\"widget\" data-widget_type=\"text-editor.default\">\n\t\t\t\t<div class=\"elementor-widget-container\">\n\t\t\t\t\t\t\t<ul class=\"list-unstyled\">\n \t<li>\n<div class=\"title ng-scope\" translate=\"page.faq.conditions.steps.1.title\">1. OBJECTIVE<\/div>\n<div class=\"ng-scope\" translate=\"page.faq.conditions.steps.1.text\">The conditions listed below regulate the use of the www.azoreslovers.com website and the acquisition of its products and services. The purchase of the products admits the acceptance of the conditions mentioned below, which conditions may change without prior notice, and the customer must consider reading them before making any request.<\/div><\/li>\n \t<li>\n<div class=\"title ng-scope\" translate=\"page.faq.conditions.steps.2.title\">2. USING THE WEBSITE<\/div>\n<div class=\"ng-scope\" translate=\"page.faq.conditions.steps.2.text\">By accessing the Azores Lovers website, the client commits himself to:\n- Use the site to navigate in it or make legally valid orders; - Do not make any false or fraudulent orders; - Provide us with the necessary data for the correct formalization of the order in a true and exact way. You further agree to the use of this information in accordance with the Privacy Policy; - Do not use any content of the site for any purpose beyond the Azores Lovers;<\/div><\/li>\n \t<li>\n<div class=\"title ng-scope\" translate=\"page.faq.conditions.steps.3.title\">3. GENERAL CONDITIONS OF SALE<\/div>\n<div class=\"ng-scope\" translate=\"page.faq.conditions.steps.3.text\">- The customer completes his order by completing the purchase process presented in the Azores Lovers Online Shop, adding to the \"Shopping Cart\" the product (s) he\/she wants.\n- To receive the order the customer must:\na) Registering on the platform, providing the information requested.\nb) Login (providing a combination of na e-mail and password chosen by the user at the time of registration).\nc) Complete the information and choose the options available during the order completion process (delivery and billing address, shipping method, form of payment, as well as the Vat Number and the name that, for tax purposes, intends on the invoice).\n- The final confirmation of the order by the customer is equivalent to the full and complete acceptance of the prices and description of the products available for sale, as well as these General Conditions of Sale, which will be the only ones applicable to the contract thus concluded.\n- AZ LOVERS, Lda. will honor orders received online up to the limit of available stocks. In the absence of availability of the product AZ LOVERS, Lda. undertakes to inform the client as soon as possible.\n- The data contained in the invoice is the sole responsibility of the user. The invoice once issued can not be reissued with changes.<\/div><\/li>\n \t<li>\n<div class=\"title ng-scope\" translate=\"page.faq.conditions.steps.4.title\">4. PAYMENT<\/div>\n<div class=\"ng-scope\" translate=\"page.faq.conditions.steps.4.text\">AZ LOVERS, Lda. proposes to the client the following payment methods:\na) ATM reference.\nb) Paypal.<\/div><\/li>\n \t<li>\n<div class=\"title ng-scope\" translate=\"page.faq.conditions.steps.5.title\">5. PRESENTED PRICES<\/div>\n<div class=\"ng-scope\" translate=\"page.faq.conditions.steps.5.text\">Prices must be in euros and include VAT (Value Added Tax) applicable at the date of invoice, but do not include shipping costs, which will be added at the end of the order. Any modification of the applicable VAT rate will be reflected in the prices of the products. AZ LOVERS, Lda. reserves the right to change prices and specifications at any time, as well as declines any error of prices or specifications for any errors published on the site. In the treatment of your order any price error that may be on the site due to technical anomalies will be detected. In this situation the customer is contacted. If the price of the product presented on the site is in reality lower, the difference is returned, if the price is higher the customer will be contacted and reserves the right to accept or cancel the order.<\/div><\/li>\n \t<li>\n<div class=\"title ng-scope\" translate=\"page.faq.conditions.steps.6.title\">6. STOCK ROUTE<\/div>\n<div class=\"ng-scope\" translate=\"page.faq.conditions.steps.6.text\">AZ LOVERS, Lda. regularly assures the availability of all products. However, in cases where there is a defect in the stock, the customer will be advised and it will be proposed the substitution, cancellation (refund of the amount paid) or postponement of the order.<\/div><\/li>\n<\/ul>\n\t\t\t\t\t\t<\/div>\n\t\t\t\t<\/div>\n\t\t\n\t\t\n\t\t\t\t\t\t\t<\/div>\n\t\t\t\n\t\t<\/div>\n\t\t\t\t\t\t\t\t\t\t\t\t\t\t\t\t\t\t\t<\/div>\n\t\t\t\t\t\t<\/section>\n\t\t\t\t\t\t<\/div>\n\t\t\t\t\t<\/div>","protected":false},"excerpt":{"rendered":"<p>1. OBJETIVO As condi\u00e7\u00f5es abaixo referidas regularizam a utiliza\u00e7\u00e3o do site www.azoreslovers.com e a aquisi\u00e7\u00e3o dos seus produtos e servi\u00e7os. A aquisi\u00e7\u00e3o dos produtos admite a aceita\u00e7\u00e3o das condi\u00e7\u00f5es abaixo mencionadas, condi\u00e7\u00f5es estas que podem sofrer altera\u00e7\u00f5es sem aviso pr\u00e9vio, sendo que o cliente deve considerar a leitura das mesmas antes de proceder a qualquer [&hellip;]<\/p>","protected":false},"author":1,"featured_media":0,"parent":0,"menu_order":0,"comment_status":"closed","ping_status":"closed","template":"","meta":{"footnotes":""},"class_list":["post-6173","page","type-page","status-publish","hentry"],"acf":[],"yoast_head":"<!-- This site is optimized with the Yoast SEO Premium plugin v17.7 (Yoast SEO v19.9) - https:\/\/yoast.com\/wordpress\/plugins\/seo\/ -->\n<title>Termos e Condi\u00e7\u00f5es - Azores Lovers - Lifestyle, Design, Gifts, Souvenirs &amp; Love<\/title>\n<meta name=\"robots\" content=\"index, follow, max-snippet:-1, max-image-preview:large, max-video-preview:-1\" \/>\n<link rel=\"canonical\" href=\"https:\/\/azoreslovers.com\/en\/termos-e-condicoes\/\" \/>\n<meta property=\"og:locale\" content=\"en_US\" \/>\n<meta property=\"og:type\" content=\"article\" \/>\n<meta property=\"og:title\" content=\"Termos e Condi\u00e7\u00f5es\" \/>\n<meta property=\"og:description\" content=\"1. OBJETIVO As condi\u00e7\u00f5es abaixo referidas regularizam a utiliza\u00e7\u00e3o do site www.azoreslovers.com e a aquisi\u00e7\u00e3o dos seus produtos e servi\u00e7os. A aquisi\u00e7\u00e3o dos produtos admite a aceita\u00e7\u00e3o das condi\u00e7\u00f5es abaixo mencionadas, condi\u00e7\u00f5es estas que podem sofrer altera\u00e7\u00f5es sem aviso pr\u00e9vio, sendo que o cliente deve considerar a leitura das mesmas antes de proceder a qualquer [&hellip;]\" \/>\n<meta property=\"og:url\" content=\"https:\/\/azoreslovers.com\/en\/termos-e-condicoes\/\" \/>\n<meta property=\"og:site_name\" content=\"Azores Lovers - Lifestyle, Design, Gifts, Souvenirs &amp; Love\" \/>\n<meta property=\"article:modified_time\" content=\"2021-10-18T10:13:12+00:00\" \/>\n<meta property=\"og:image\" content=\"https:\/\/azoreslovers.com\/wp-content\/uploads\/2021\/12\/azlovers-thumbnail-.png\" \/>\n\t<meta property=\"og:image:width\" content=\"1200\" \/>\n\t<meta property=\"og:image:height\" content=\"630\" \/>\n\t<meta property=\"og:image:type\" content=\"image\/png\" \/>\n<meta name=\"twitter:card\" content=\"summary_large_image\" \/>\n<meta name=\"twitter:label1\" content=\"Est. reading time\" \/>\n\t<meta name=\"twitter:data1\" content=\"3 minutes\" \/>\n<script type=\"application\/ld+json\" class=\"yoast-schema-graph\">{\"@context\":\"https:\/\/schema.org\",\"@graph\":[{\"@type\":\"WebPage\",\"@id\":\"https:\/\/azoreslovers.com\/en\/termos-e-condicoes\/\",\"url\":\"https:\/\/azoreslovers.com\/en\/termos-e-condicoes\/\",\"name\":\"Termos e Condi\u00e7\u00f5es - Azores Lovers - Lifestyle, Design, Gifts, Souvenirs &amp; Love\",\"isPartOf\":{\"@id\":\"https:\/\/azoreslovers.com\/#website\"},\"datePublished\":\"2021-10-18T10:11:38+00:00\",\"dateModified\":\"2021-10-18T10:13:12+00:00\",\"breadcrumb\":{\"@id\":\"https:\/\/azoreslovers.com\/en\/termos-e-condicoes\/#breadcrumb\"},\"inLanguage\":\"en-US\",\"potentialAction\":[{\"@type\":\"ReadAction\",\"target\":[\"https:\/\/azoreslovers.com\/en\/termos-e-condicoes\/\"]}]},{\"@type\":\"BreadcrumbList\",\"@id\":\"https:\/\/azoreslovers.com\/en\/termos-e-condicoes\/#breadcrumb\",\"itemListElement\":[{\"@type\":\"ListItem\",\"position\":1,\"name\":\"Home\",\"item\":\"https:\/\/azoreslovers.com\/\"},{\"@type\":\"ListItem\",\"position\":2,\"name\":\"Termos e Condi\u00e7\u00f5es\"}]},{\"@type\":\"WebSite\",\"@id\":\"https:\/\/azoreslovers.com\/#website\",\"url\":\"https:\/\/azoreslovers.com\/\",\"name\":\"Azores Lovers - Lifestyle, Design, Gifts, Souvenirs &amp; Love\",\"description\":\"Love brand e guia dos A\u00e7ores com sugest\u00f5es de restaurantes, atividades, alojamentos, eventos e souvenirs, \u00e9 onde partilhamos tudo o que h\u00e1 para amar nestas ilhas. A loja da Azores Lovers situa-se em S\u00e3o Miguel, nos A\u00e7ores, Ponta Delgada.\",\"publisher\":{\"@id\":\"https:\/\/azoreslovers.com\/#organization\"},\"potentialAction\":[{\"@type\":\"SearchAction\",\"target\":{\"@type\":\"EntryPoint\",\"urlTemplate\":\"https:\/\/azoreslovers.com\/?s={search_term_string}\"},\"query-input\":\"required name=search_term_string\"}],\"inLanguage\":\"en-US\"},{\"@type\":\"Organization\",\"@id\":\"https:\/\/azoreslovers.com\/#organization\",\"name\":\"Azores Lovers\",\"url\":\"https:\/\/azoreslovers.com\/\",\"logo\":{\"@type\":\"ImageObject\",\"inLanguage\":\"en-US\",\"@id\":\"https:\/\/azoreslovers.com\/#\/schema\/logo\/image\/\",\"url\":\"https:\/\/azoreslovers.com\/wp-content\/uploads\/2021\/12\/azlovers-thumbnail-.png\",\"contentUrl\":\"https:\/\/azoreslovers.com\/wp-content\/uploads\/2021\/12\/azlovers-thumbnail-.png\",\"width\":1200,\"height\":630,\"caption\":\"Azores Lovers\"},\"image\":{\"@id\":\"https:\/\/azoreslovers.com\/#\/schema\/logo\/image\/\"}}]}<\/script>\n<!-- \/ Yoast SEO Premium plugin. -->","yoast_head_json":{"title":"Termos e Condi\u00e7\u00f5es - Azores Lovers - Lifestyle, Design, Gifts, Souvenirs &amp; Love","robots":{"index":"index","follow":"follow","max-snippet":"max-snippet:-1","max-image-preview":"max-image-preview:large","max-video-preview":"max-video-preview:-1"},"canonical":"https:\/\/azoreslovers.com\/en\/termos-e-condicoes\/","og_locale":"en_US","og_type":"article","og_title":"Termos e Condi\u00e7\u00f5es","og_description":"1. OBJETIVO As condi\u00e7\u00f5es abaixo referidas regularizam a utiliza\u00e7\u00e3o do site www.azoreslovers.com e a aquisi\u00e7\u00e3o dos seus produtos e servi\u00e7os. A aquisi\u00e7\u00e3o dos produtos admite a aceita\u00e7\u00e3o das condi\u00e7\u00f5es abaixo mencionadas, condi\u00e7\u00f5es estas que podem sofrer altera\u00e7\u00f5es sem aviso pr\u00e9vio, sendo que o cliente deve considerar a leitura das mesmas antes de proceder a qualquer [&hellip;]","og_url":"https:\/\/azoreslovers.com\/en\/termos-e-condicoes\/","og_site_name":"Azores Lovers - Lifestyle, Design, Gifts, Souvenirs &amp; Love","article_modified_time":"2021-10-18T10:13:12+00:00","og_image":[{"width":1200,"height":630,"url":"https:\/\/azoreslovers.com\/wp-content\/uploads\/2021\/12\/azlovers-thumbnail-.png","type":"image\/png"}],"twitter_card":"summary_large_image","twitter_misc":{"Est. reading time":"3 minutes"},"schema":{"@context":"https:\/\/schema.org","@graph":[{"@type":"WebPage","@id":"https:\/\/azoreslovers.com\/en\/termos-e-condicoes\/","url":"https:\/\/azoreslovers.com\/en\/termos-e-condicoes\/","name":"Termos e Condi\u00e7\u00f5es - Azores Lovers - Lifestyle, Design, Gifts, Souvenirs &amp; Love","isPartOf":{"@id":"https:\/\/azoreslovers.com\/#website"},"datePublished":"2021-10-18T10:11:38+00:00","dateModified":"2021-10-18T10:13:12+00:00","breadcrumb":{"@id":"https:\/\/azoreslovers.com\/en\/termos-e-condicoes\/#breadcrumb"},"inLanguage":"en-US","potentialAction":[{"@type":"ReadAction","target":["https:\/\/azoreslovers.com\/en\/termos-e-condicoes\/"]}]},{"@type":"BreadcrumbList","@id":"https:\/\/azoreslovers.com\/en\/termos-e-condicoes\/#breadcrumb","itemListElement":[{"@type":"ListItem","position":1,"name":"Home","item":"https:\/\/azoreslovers.com\/"},{"@type":"ListItem","position":2,"name":"Termos e Condi\u00e7\u00f5es"}]},{"@type":"WebSite","@id":"https:\/\/azoreslovers.com\/#website","url":"https:\/\/azoreslovers.com\/","name":"Azores Lovers - Lifestyle, Design, Gifts, Souvenirs &amp; Love","description":"Love brand e guia dos A\u00e7ores com sugest\u00f5es de restaurantes, atividades, alojamentos, eventos e souvenirs, \u00e9 onde partilhamos tudo o que h\u00e1 para amar nestas ilhas. A loja da Azores Lovers situa-se em S\u00e3o Miguel, nos A\u00e7ores, Ponta Delgada.","publisher":{"@id":"https:\/\/azoreslovers.com\/#organization"},"potentialAction":[{"@type":"SearchAction","target":{"@type":"EntryPoint","urlTemplate":"https:\/\/azoreslovers.com\/?s={search_term_string}"},"query-input":"required name=search_term_string"}],"inLanguage":"en-US"},{"@type":"Organization","@id":"https:\/\/azoreslovers.com\/#organization","name":"Azores Lovers","url":"https:\/\/azoreslovers.com\/","logo":{"@type":"ImageObject","inLanguage":"en-US","@id":"https:\/\/azoreslovers.com\/#\/schema\/logo\/image\/","url":"https:\/\/azoreslovers.com\/wp-content\/uploads\/2021\/12\/azlovers-thumbnail-.png","contentUrl":"https:\/\/azoreslovers.com\/wp-content\/uploads\/2021\/12\/azlovers-thumbnail-.png","width":1200,"height":630,"caption":"Azores Lovers"},"image":{"@id":"https:\/\/azoreslovers.com\/#\/schema\/logo\/image\/"}}]}},"_links":{"self":[{"href":"https:\/\/azoreslovers.com\/en\/wp-json\/wp\/v2\/pages\/6173","targetHints":{"allow":["GET"]}}],"collection":[{"href":"https:\/\/azoreslovers.com\/en\/wp-json\/wp\/v2\/pages"}],"about":[{"href":"https:\/\/azoreslovers.com\/en\/wp-json\/wp\/v2\/types\/page"}],"author":[{"embeddable":true,"href":"https:\/\/azoreslovers.com\/en\/wp-json\/wp\/v2\/users\/1"}],"replies":[{"embeddable":true,"href":"https:\/\/azoreslovers.com\/en\/wp-json\/wp\/v2\/comments?post=6173"}],"version-history":[{"count":0,"href":"https:\/\/azoreslovers.com\/en\/wp-json\/wp\/v2\/pages\/6173\/revisions"}],"wp:attachment":[{"href":"https:\/\/azoreslovers.com\/en\/wp-json\/wp\/v2\/media?parent=6173"}],"curies":[{"name":"wp","href":"https:\/\/api.w.org\/{rel}","templated":true}]}}