{"id":6168,"date":"2021-10-18T10:09:37","date_gmt":"2021-10-18T10:09:37","guid":{"rendered":"https:\/\/azoreslovers.acoresnocoracao.pt\/?page_id=6168"},"modified":"2021-10-18T10:10:54","modified_gmt":"2021-10-18T10:10:54","slug":"como-encomendar","status":"publish","type":"page","link":"https:\/\/azoreslovers.com\/en\/como-encomendar\/","title":{"rendered":"How to Order"},"content":{"rendered":"<div data-elementor-type=\"wp-page\" data-elementor-id=\"6168\" class=\"elementor elementor-6168\" data-elementor-settings=\"[]\">\n\t\t\t\t\t\t\t<div class=\"elementor-section-wrap\">\n\t\t\t\t\t\t\t\n\t\t<section class=\"elementor-section elementor-top-section elementor-element elementor-element-b9371a6 elementor-hidden-mobile elementor-section-boxed elementor-section-height-default elementor-section-height-default\" data-id=\"b9371a6\" data-element_type=\"section\">\n\t\t\n\t\t\t\t\t\t\t\t\t\t<div class=\"elementor-container elementor-column-gap-default\" >\n\n\t\t\t\t\n\t\t\t\t\t\t\t\t\t\t\t\t\t\t<div class=\"elementor-column elementor-col-100 elementor-top-column elementor-element elementor-element-cd1e20a\" data-id=\"cd1e20a\" data-element_type=\"column\">\n\t\t\t\n\t\t\t\n\t\t\t\n\t\t\t<div class=\"elementor-widget-wrap elementor-element-populated\">\n\t\t\t\t\t\t\t\t<div class=\"elementor-element elementor-element-2649d9c elementor-nav-menu__align-center menu elementor-nav-menu--dropdown-tablet elementor-nav-menu__text-align-aside elementor-nav-menu--toggle elementor-nav-menu--burger elementor-widget elementor-widget-nav-menu\" data-id=\"2649d9c\" data-element_type=\"widget\" data-settings=\"{&quot;layout&quot;:&quot;horizontal&quot;,&quot;submenu_icon&quot;:{&quot;value&quot;:&quot;&lt;i class=\\&quot;fas fa-caret-down\\&quot;&gt;&lt;\\\/i&gt;&quot;,&quot;library&quot;:&quot;fa-solid&quot;},&quot;toggle&quot;:&quot;burger&quot;}\" data-widget_type=\"nav-menu.default\">\n\t\t\t\t<div class=\"elementor-widget-container\">\n\t\t\t\t\t\t<nav migration_allowed=\"1\" migrated=\"0\" role=\"navigation\" class=\"elementor-nav-menu--main elementor-nav-menu__container elementor-nav-menu--layout-horizontal e--pointer-underline e--animation-fade\"><ul id=\"menu-1-2649d9c\" class=\"elementor-nav-menu\"><li class=\"menu-item menu-item-type-post_type menu-item-object-page menu-item-21794\"><a href=\"https:\/\/azoreslovers.com\/en\/contacts\/\" class=\"elementor-item\">Quer a Azores Lovers na sua Loja?<\/a><\/li>\n<li class=\"menu-item menu-item-type-post_type menu-item-object-page menu-item-6179\"><a href=\"https:\/\/azoreslovers.com\/en\/como-encomendar\/\" class=\"elementor-item\">How to Order<\/a><\/li>\n<li class=\"menu-item menu-item-type-post_type menu-item-object-page menu-item-6180\"><a href=\"https:\/\/azoreslovers.com\/en\/devolucoes-e-trocas\/\" class=\"elementor-item\">Returns and Exchanges<\/a><\/li>\n<li class=\"menu-item menu-item-type-post_type menu-item-object-page menu-item-privacy-policy menu-item-6107\"><a rel=\"privacy-policy\" href=\"https:\/\/azoreslovers.com\/en\/politica-de-privacidade\/\" class=\"elementor-item\">Privacy Policy<\/a><\/li>\n<li class=\"menu-item menu-item-type-post_type menu-item-object-page menu-item-6178\"><a href=\"https:\/\/azoreslovers.com\/en\/termos-e-condicoes\/\" class=\"elementor-item\">Terms and Conditions<\/a><\/li>\n<\/ul><\/nav>\n\t\t\t\t\t<div class=\"elementor-menu-toggle\" role=\"button\" tabindex=\"0\" aria-label=\"Menu Toggle\" aria-expanded=\"false\">\n\t\t\t<i aria-hidden=\"true\" role=\"presentation\" class=\"eicon-menu-bar\"><\/i>\t\t\t<span class=\"elementor-screen-only\">Menu<\/span>\n\t\t<\/div>\n\t\t\t<nav class=\"elementor-nav-menu--dropdown elementor-nav-menu__container\" role=\"navigation\" aria-hidden=\"true\"><ul id=\"menu-2-2649d9c\" class=\"elementor-nav-menu\"><li class=\"menu-item menu-item-type-post_type menu-item-object-page menu-item-21794\"><a href=\"https:\/\/azoreslovers.com\/en\/contacts\/\" class=\"elementor-item\" tabindex=\"-1\">Quer a Azores Lovers na sua Loja?<\/a><\/li>\n<li class=\"menu-item menu-item-type-post_type menu-item-object-page menu-item-6179\"><a href=\"https:\/\/azoreslovers.com\/en\/como-encomendar\/\" class=\"elementor-item\" tabindex=\"-1\">How to Order<\/a><\/li>\n<li class=\"menu-item menu-item-type-post_type menu-item-object-page menu-item-6180\"><a href=\"https:\/\/azoreslovers.com\/en\/devolucoes-e-trocas\/\" class=\"elementor-item\" tabindex=\"-1\">Returns and Exchanges<\/a><\/li>\n<li class=\"menu-item menu-item-type-post_type menu-item-object-page menu-item-privacy-policy menu-item-6107\"><a rel=\"privacy-policy\" href=\"https:\/\/azoreslovers.com\/en\/politica-de-privacidade\/\" class=\"elementor-item\" tabindex=\"-1\">Privacy Policy<\/a><\/li>\n<li class=\"menu-item menu-item-type-post_type menu-item-object-page menu-item-6178\"><a href=\"https:\/\/azoreslovers.com\/en\/termos-e-condicoes\/\" class=\"elementor-item\" tabindex=\"-1\">Terms and Conditions<\/a><\/li>\n<\/ul><\/nav>\n\t\t\t\t<\/div>\n\t\t\t\t<\/div>\n\t\t\n\t\t\n\t\t\t\t\t\t\t<\/div>\n\t\t\t\n\t\t<\/div>\n\t\t\t\t\t\t\t\t\t\t\t\t\t\t\t\t\t\t\t<\/div>\n\t\t\t\t\t\t<\/section>\n\t\t\t\t\n\t\t<section class=\"elementor-section elementor-top-section elementor-element elementor-element-e08f1c1 elementor-section-boxed elementor-section-height-default elementor-section-height-default\" data-id=\"e08f1c1\" data-element_type=\"section\">\n\t\t\n\t\t\t\t\t\t\t\t\t\t<div class=\"elementor-container elementor-column-gap-default\" >\n\n\t\t\t\t\n\t\t\t\t\t\t\t\t\t\t\t\t\t\t<div class=\"elementor-column elementor-col-100 elementor-top-column elementor-element elementor-element-e4c104d\" data-id=\"e4c104d\" data-element_type=\"column\">\n\t\t\t\n\t\t\t\n\t\t\t\n\t\t\t<div class=\"elementor-widget-wrap elementor-element-populated\">\n\t\t\t\t\t\t\t\t<div class=\"elementor-element elementor-element-e535787 lipagina elementor-widget elementor-widget-text-editor\" data-id=\"e535787\" data-element_type=\"widget\" data-widget_type=\"text-editor.default\">\n\t\t\t\t<div class=\"elementor-widget-container\">\n\t\t\t\t\t\t\t\n<ul class=\"list-unstyled\">\n \t<li>\n<div class=\"title ng-scope\" translate=\"page.faq.order.steps.1.title\">1. CREATION OF REGISTRATION<\/div>\n<div class=\"ng-scope\" translate=\"page.faq.order.steps.1.text\">Creating a record is mandatory to place your order. In the &quot;My Account&quot; area, you will have access and the opportunity to edit your profile information, your favorite products and the status and history of your orders.<\/div><\/li>\n \t<li>\n<div class=\"title ng-scope\" translate=\"page.faq.order.steps.2.title\">2. ADD TO SHOPPING CART<\/div>\n<div class=\"ng-scope\" translate=\"page.faq.order.steps.2.text\">Click \"Add\" or the Shopping Cart Icon for the item to be available on your Shopping Cart. If you want to add more items you can continue to buy. You can check the \"Shopping Cart\" area in the upper right corner at any time.<\/div><\/li>\n \t<li>\n<div class=\"title ng-scope\" translate=\"page.faq.order.steps.3.title\">3. FINALIZE ORDER<\/div>\n<div class=\"ng-scope\" translate=\"page.faq.order.steps.3.text\">To complete the order, go to \"Shopping Cart\" and verify if all the order information (products, sizes, quantities, colors, total value) is correct, if it is you can click \"Finish Order\". In the next step, verify that all personal and shipping information is correct and proceed to the payment method by clicking \"Next Step\". Pay special attention when filling in the address area. A successful delivery is dependent on a correct address. After selecting the payment method you want, click \"Next Step\". To finish your purchase check your choices and confirm your order by clicking \"Finish Order\". After your confirmation, you will see on the site the Payment Data, and you will receive an email with the same information.<\/div><\/li>\n \t<li>\n<div class=\"title ng-scope\" translate=\"page.faq.order.steps.4.title\">4. SHIPPING METHOD<\/div>\n<div class=\"ng-scope\" translate=\"page.faq.order.steps.4.text\">Our platform has only one shipment type available, CTT - Correios de Portugal, S. A.<\/div><\/li>\n \t<li>\n<div class=\"title ng-scope\" translate=\"page.faq.order.steps.5.title\">5. BILLING ADDRESS<\/div>\n<div class=\"ng-scope\" translate=\"page.faq.order.steps.5.text\">It is pre-defined by our website to use the same shipping address for billing, however, in case you need them to be different, you can edit all the necessary information, namely: Name, Phone, Country, City, Address, Postal Code and VAT Number.<\/div><\/li>\n \t<li>\n<div class=\"title ng-scope\" translate=\"page.faq.order.steps.6.title\">6. METHOD OF PAYMENT<\/div>\n<div class=\"ng-scope\" translate=\"page.faq.order.steps.6.text\">Azores Lovers offers two methods of payment, namely:\n<b>ATM:<\/b>\u00a0By choosing this method of payment, you will receive an email with the data to make the payment in an ATM or in a Homebanking Service. After receiving the data you have 5 days to make the payment. If you fail to do so within this period, the order will be canceled.\n<b>PayPal:<\/b>\u00a0One of the most used means of payment in online purchases worldwide. For more information or to create your PayPal account, visit this page: www.paypal.com.<\/div><\/li>\n<\/ul>\n\t\t\t\t\t\t<\/div>\n\t\t\t\t<\/div>\n\t\t\n\t\t\n\t\t\t\t\t\t\t<\/div>\n\t\t\t\n\t\t<\/div>\n\t\t\t\t\t\t\t\t\t\t\t\t\t\t\t\t\t\t\t<\/div>\n\t\t\t\t\t\t<\/section>\n\t\t\t\t\t\t<\/div>\n\t\t\t\t\t<\/div>","protected":false},"excerpt":{"rendered":"<p>1. CRIA\u00c7\u00c3O DE REGISTO A cria\u00e7\u00e3o de um registo \u00e9 obrigat\u00f3ria para realizar a sua encomenda. Na \u00e1rea \u201cMinha Conta\u201d ter\u00e1 acesso e oportunidade de editar as informa\u00e7\u00f5es do seu perfil, aos seus produtos favoritos e ao estado e hist\u00f3rico das suas encomendas. 2. ADICIONAR AO CARRINHO DE COMPRAS Clique em \u201cAdicionar\u201d ou no \u00cdcone [&hellip;]<\/p>","protected":false},"author":1,"featured_media":0,"parent":0,"menu_order":0,"comment_status":"closed","ping_status":"closed","template":"","meta":{"footnotes":""},"class_list":["post-6168","page","type-page","status-publish","hentry"],"acf":[],"yoast_head":"<!-- This site is optimized with the Yoast SEO Premium plugin v17.7 (Yoast SEO v19.9) - https:\/\/yoast.com\/wordpress\/plugins\/seo\/ -->\n<title>Como Encomendar - Azores Lovers - Lifestyle, Design, Gifts, Souvenirs &amp; Love<\/title>\n<meta name=\"robots\" content=\"index, follow, max-snippet:-1, max-image-preview:large, max-video-preview:-1\" \/>\n<link rel=\"canonical\" href=\"https:\/\/azoreslovers.com\/en\/como-encomendar\/\" \/>\n<meta property=\"og:locale\" content=\"en_US\" \/>\n<meta property=\"og:type\" content=\"article\" \/>\n<meta property=\"og:title\" content=\"Como Encomendar\" \/>\n<meta property=\"og:description\" content=\"1. CRIA\u00c7\u00c3O DE REGISTO A cria\u00e7\u00e3o de um registo \u00e9 obrigat\u00f3ria para realizar a sua encomenda. Na \u00e1rea \u201cMinha Conta\u201d ter\u00e1 acesso e oportunidade de editar as informa\u00e7\u00f5es do seu perfil, aos seus produtos favoritos e ao estado e hist\u00f3rico das suas encomendas. 2. ADICIONAR AO CARRINHO DE COMPRAS Clique em \u201cAdicionar\u201d ou no \u00cdcone [&hellip;]\" \/>\n<meta property=\"og:url\" content=\"https:\/\/azoreslovers.com\/en\/como-encomendar\/\" \/>\n<meta property=\"og:site_name\" content=\"Azores Lovers - Lifestyle, Design, Gifts, Souvenirs &amp; Love\" \/>\n<meta property=\"article:modified_time\" content=\"2021-10-18T10:10:54+00:00\" \/>\n<meta property=\"og:image\" content=\"https:\/\/azoreslovers.com\/wp-content\/uploads\/2021\/12\/azlovers-thumbnail-.png\" \/>\n\t<meta property=\"og:image:width\" content=\"1200\" \/>\n\t<meta property=\"og:image:height\" content=\"630\" \/>\n\t<meta property=\"og:image:type\" content=\"image\/png\" \/>\n<meta name=\"twitter:card\" content=\"summary_large_image\" \/>\n<meta name=\"twitter:label1\" content=\"Est. reading time\" \/>\n\t<meta name=\"twitter:data1\" content=\"2 minutes\" \/>\n<script type=\"application\/ld+json\" class=\"yoast-schema-graph\">{\"@context\":\"https:\/\/schema.org\",\"@graph\":[{\"@type\":\"WebPage\",\"@id\":\"https:\/\/azoreslovers.com\/como-encomendar\/\",\"url\":\"https:\/\/azoreslovers.com\/como-encomendar\/\",\"name\":\"Como Encomendar - Azores Lovers - Lifestyle, Design, Gifts, Souvenirs &amp; Love\",\"isPartOf\":{\"@id\":\"https:\/\/azoreslovers.com\/#website\"},\"datePublished\":\"2021-10-18T10:09:37+00:00\",\"dateModified\":\"2021-10-18T10:10:54+00:00\",\"breadcrumb\":{\"@id\":\"https:\/\/azoreslovers.com\/como-encomendar\/#breadcrumb\"},\"inLanguage\":\"en-US\",\"potentialAction\":[{\"@type\":\"ReadAction\",\"target\":[\"https:\/\/azoreslovers.com\/como-encomendar\/\"]}]},{\"@type\":\"BreadcrumbList\",\"@id\":\"https:\/\/azoreslovers.com\/como-encomendar\/#breadcrumb\",\"itemListElement\":[{\"@type\":\"ListItem\",\"position\":1,\"name\":\"Home\",\"item\":\"https:\/\/azoreslovers.com\/\"},{\"@type\":\"ListItem\",\"position\":2,\"name\":\"Como Encomendar\"}]},{\"@type\":\"WebSite\",\"@id\":\"https:\/\/azoreslovers.com\/#website\",\"url\":\"https:\/\/azoreslovers.com\/\",\"name\":\"Azores Lovers - Lifestyle, Design, Gifts, Souvenirs &amp; Love\",\"description\":\"Love brand e guia dos A\u00e7ores com sugest\u00f5es de restaurantes, atividades, alojamentos, eventos e souvenirs, \u00e9 onde partilhamos tudo o que h\u00e1 para amar nestas ilhas. A loja da Azores Lovers situa-se em S\u00e3o Miguel, nos A\u00e7ores, Ponta Delgada.\",\"publisher\":{\"@id\":\"https:\/\/azoreslovers.com\/#organization\"},\"potentialAction\":[{\"@type\":\"SearchAction\",\"target\":{\"@type\":\"EntryPoint\",\"urlTemplate\":\"https:\/\/azoreslovers.com\/?s={search_term_string}\"},\"query-input\":\"required name=search_term_string\"}],\"inLanguage\":\"en-US\"},{\"@type\":\"Organization\",\"@id\":\"https:\/\/azoreslovers.com\/#organization\",\"name\":\"Azores Lovers\",\"url\":\"https:\/\/azoreslovers.com\/\",\"logo\":{\"@type\":\"ImageObject\",\"inLanguage\":\"en-US\",\"@id\":\"https:\/\/azoreslovers.com\/#\/schema\/logo\/image\/\",\"url\":\"https:\/\/azoreslovers.com\/wp-content\/uploads\/2021\/12\/azlovers-thumbnail-.png\",\"contentUrl\":\"https:\/\/azoreslovers.com\/wp-content\/uploads\/2021\/12\/azlovers-thumbnail-.png\",\"width\":1200,\"height\":630,\"caption\":\"Azores Lovers\"},\"image\":{\"@id\":\"https:\/\/azoreslovers.com\/#\/schema\/logo\/image\/\"}}]}<\/script>\n<!-- \/ Yoast SEO Premium plugin. -->","yoast_head_json":{"title":"Como Encomendar - Azores Lovers - Lifestyle, Design, Gifts, Souvenirs &amp; Love","robots":{"index":"index","follow":"follow","max-snippet":"max-snippet:-1","max-image-preview":"max-image-preview:large","max-video-preview":"max-video-preview:-1"},"canonical":"https:\/\/azoreslovers.com\/en\/como-encomendar\/","og_locale":"en_US","og_type":"article","og_title":"Como Encomendar","og_description":"1. CRIA\u00c7\u00c3O DE REGISTO A cria\u00e7\u00e3o de um registo \u00e9 obrigat\u00f3ria para realizar a sua encomenda. Na \u00e1rea \u201cMinha Conta\u201d ter\u00e1 acesso e oportunidade de editar as informa\u00e7\u00f5es do seu perfil, aos seus produtos favoritos e ao estado e hist\u00f3rico das suas encomendas. 2. ADICIONAR AO CARRINHO DE COMPRAS Clique em \u201cAdicionar\u201d ou no \u00cdcone [&hellip;]","og_url":"https:\/\/azoreslovers.com\/en\/como-encomendar\/","og_site_name":"Azores Lovers - Lifestyle, Design, Gifts, Souvenirs &amp; Love","article_modified_time":"2021-10-18T10:10:54+00:00","og_image":[{"width":1200,"height":630,"url":"https:\/\/azoreslovers.com\/wp-content\/uploads\/2021\/12\/azlovers-thumbnail-.png","type":"image\/png"}],"twitter_card":"summary_large_image","twitter_misc":{"Est. reading time":"2 minutes"},"schema":{"@context":"https:\/\/schema.org","@graph":[{"@type":"WebPage","@id":"https:\/\/azoreslovers.com\/como-encomendar\/","url":"https:\/\/azoreslovers.com\/como-encomendar\/","name":"Como Encomendar - Azores Lovers - Lifestyle, Design, Gifts, Souvenirs &amp; Love","isPartOf":{"@id":"https:\/\/azoreslovers.com\/#website"},"datePublished":"2021-10-18T10:09:37+00:00","dateModified":"2021-10-18T10:10:54+00:00","breadcrumb":{"@id":"https:\/\/azoreslovers.com\/como-encomendar\/#breadcrumb"},"inLanguage":"en-US","potentialAction":[{"@type":"ReadAction","target":["https:\/\/azoreslovers.com\/como-encomendar\/"]}]},{"@type":"BreadcrumbList","@id":"https:\/\/azoreslovers.com\/como-encomendar\/#breadcrumb","itemListElement":[{"@type":"ListItem","position":1,"name":"Home","item":"https:\/\/azoreslovers.com\/"},{"@type":"ListItem","position":2,"name":"Como Encomendar"}]},{"@type":"WebSite","@id":"https:\/\/azoreslovers.com\/#website","url":"https:\/\/azoreslovers.com\/","name":"Azores Lovers - Lifestyle, Design, Gifts, Souvenirs &amp; Love","description":"Love brand e guia dos A\u00e7ores com sugest\u00f5es de restaurantes, atividades, alojamentos, eventos e souvenirs, \u00e9 onde partilhamos tudo o que h\u00e1 para amar nestas ilhas. A loja da Azores Lovers situa-se em S\u00e3o Miguel, nos A\u00e7ores, Ponta Delgada.","publisher":{"@id":"https:\/\/azoreslovers.com\/#organization"},"potentialAction":[{"@type":"SearchAction","target":{"@type":"EntryPoint","urlTemplate":"https:\/\/azoreslovers.com\/?s={search_term_string}"},"query-input":"required name=search_term_string"}],"inLanguage":"en-US"},{"@type":"Organization","@id":"https:\/\/azoreslovers.com\/#organization","name":"Azores Lovers","url":"https:\/\/azoreslovers.com\/","logo":{"@type":"ImageObject","inLanguage":"en-US","@id":"https:\/\/azoreslovers.com\/#\/schema\/logo\/image\/","url":"https:\/\/azoreslovers.com\/wp-content\/uploads\/2021\/12\/azlovers-thumbnail-.png","contentUrl":"https:\/\/azoreslovers.com\/wp-content\/uploads\/2021\/12\/azlovers-thumbnail-.png","width":1200,"height":630,"caption":"Azores Lovers"},"image":{"@id":"https:\/\/azoreslovers.com\/#\/schema\/logo\/image\/"}}]}},"_links":{"self":[{"href":"https:\/\/azoreslovers.com\/en\/wp-json\/wp\/v2\/pages\/6168","targetHints":{"allow":["GET"]}}],"collection":[{"href":"https:\/\/azoreslovers.com\/en\/wp-json\/wp\/v2\/pages"}],"about":[{"href":"https:\/\/azoreslovers.com\/en\/wp-json\/wp\/v2\/types\/page"}],"author":[{"embeddable":true,"href":"https:\/\/azoreslovers.com\/en\/wp-json\/wp\/v2\/users\/1"}],"replies":[{"embeddable":true,"href":"https:\/\/azoreslovers.com\/en\/wp-json\/wp\/v2\/comments?post=6168"}],"version-history":[{"count":0,"href":"https:\/\/azoreslovers.com\/en\/wp-json\/wp\/v2\/pages\/6168\/revisions"}],"wp:attachment":[{"href":"https:\/\/azoreslovers.com\/en\/wp-json\/wp\/v2\/media?parent=6168"}],"curies":[{"name":"wp","href":"https:\/\/api.w.org\/{rel}","templated":true}]}}