{"id":6103,"date":"2021-10-14T23:27:03","date_gmt":"2021-10-14T23:27:03","guid":{"rendered":"https:\/\/azoreslovers.acoresnocoracao.pt\/?page_id=6103"},"modified":"2021-11-11T13:13:28","modified_gmt":"2021-11-11T13:13:28","slug":"utilizacao-de-descontos","status":"publish","type":"page","link":"https:\/\/azoreslovers.com\/en\/utilizacao-de-descontos\/","title":{"rendered":"Use of Discounts"},"content":{"rendered":"<div data-elementor-type=\"wp-page\" data-elementor-id=\"6103\" class=\"elementor elementor-6103\" data-elementor-settings=\"[]\">\n\t\t\t\t\t\t\t<div class=\"elementor-section-wrap\">\n\t\t\t\t\t\t\t\n\t\t<section class=\"elementor-section elementor-top-section elementor-element elementor-element-834a2fa elementor-section-boxed elementor-section-height-default elementor-section-height-default\" data-id=\"834a2fa\" data-element_type=\"section\">\n\t\t\n\t\t\t\t\t\t\t\t\t\t<div class=\"elementor-container elementor-column-gap-default\" >\n\n\t\t\t\t\n\t\t\t\t\t\t\t\t\t\t\t\t\t\t<div class=\"elementor-column elementor-col-100 elementor-top-column elementor-element elementor-element-9ed2d17\" data-id=\"9ed2d17\" data-element_type=\"column\">\n\t\t\t\n\t\t\t\n\t\t\t\n\t\t\t<div class=\"elementor-widget-wrap elementor-element-populated\">\n\t\t\t\t\t\t\t\t<div class=\"elementor-element elementor-element-86671f3 elementor-nav-menu__align-center menu elementor-nav-menu--dropdown-tablet elementor-nav-menu__text-align-aside elementor-nav-menu--toggle elementor-nav-menu--burger elementor-widget elementor-widget-nav-menu\" data-id=\"86671f3\" data-element_type=\"widget\" data-settings=\"{&quot;layout&quot;:&quot;horizontal&quot;,&quot;submenu_icon&quot;:{&quot;value&quot;:&quot;&lt;i class=\\&quot;fas fa-caret-down\\&quot;&gt;&lt;\\\/i&gt;&quot;,&quot;library&quot;:&quot;fa-solid&quot;},&quot;toggle&quot;:&quot;burger&quot;}\" data-widget_type=\"nav-menu.default\">\n\t\t\t\t<div class=\"elementor-widget-container\">\n\t\t\t\t\t\t<nav migration_allowed=\"1\" migrated=\"0\" role=\"navigation\" class=\"elementor-nav-menu--main elementor-nav-menu__container elementor-nav-menu--layout-horizontal e--pointer-underline e--animation-fade\"><ul id=\"menu-1-86671f3\" class=\"elementor-nav-menu\"><li class=\"menu-item menu-item-type-post_type menu-item-object-page menu-item-21794\"><a href=\"https:\/\/azoreslovers.com\/en\/contacts\/\" class=\"elementor-item\">Quer a Azores Lovers na sua Loja?<\/a><\/li>\n<li class=\"menu-item menu-item-type-post_type menu-item-object-page menu-item-6179\"><a href=\"https:\/\/azoreslovers.com\/en\/como-encomendar\/\" class=\"elementor-item\">How to Order<\/a><\/li>\n<li class=\"menu-item menu-item-type-post_type menu-item-object-page menu-item-6180\"><a href=\"https:\/\/azoreslovers.com\/en\/devolucoes-e-trocas\/\" class=\"elementor-item\">Returns and Exchanges<\/a><\/li>\n<li class=\"menu-item menu-item-type-post_type menu-item-object-page menu-item-privacy-policy menu-item-6107\"><a rel=\"privacy-policy\" href=\"https:\/\/azoreslovers.com\/en\/politica-de-privacidade\/\" class=\"elementor-item\">Privacy Policy<\/a><\/li>\n<li class=\"menu-item menu-item-type-post_type menu-item-object-page menu-item-6178\"><a href=\"https:\/\/azoreslovers.com\/en\/termos-e-condicoes\/\" class=\"elementor-item\">Terms and Conditions<\/a><\/li>\n<\/ul><\/nav>\n\t\t\t\t\t<div class=\"elementor-menu-toggle\" role=\"button\" tabindex=\"0\" aria-label=\"Menu Toggle\" aria-expanded=\"false\">\n\t\t\t<i aria-hidden=\"true\" role=\"presentation\" class=\"eicon-menu-bar\"><\/i>\t\t\t<span class=\"elementor-screen-only\">Menu<\/span>\n\t\t<\/div>\n\t\t\t<nav class=\"elementor-nav-menu--dropdown elementor-nav-menu__container\" role=\"navigation\" aria-hidden=\"true\"><ul id=\"menu-2-86671f3\" class=\"elementor-nav-menu\"><li class=\"menu-item menu-item-type-post_type menu-item-object-page menu-item-21794\"><a href=\"https:\/\/azoreslovers.com\/en\/contacts\/\" class=\"elementor-item\" tabindex=\"-1\">Quer a Azores Lovers na sua Loja?<\/a><\/li>\n<li class=\"menu-item menu-item-type-post_type menu-item-object-page menu-item-6179\"><a href=\"https:\/\/azoreslovers.com\/en\/como-encomendar\/\" class=\"elementor-item\" tabindex=\"-1\">How to Order<\/a><\/li>\n<li class=\"menu-item menu-item-type-post_type menu-item-object-page menu-item-6180\"><a href=\"https:\/\/azoreslovers.com\/en\/devolucoes-e-trocas\/\" class=\"elementor-item\" tabindex=\"-1\">Returns and Exchanges<\/a><\/li>\n<li class=\"menu-item menu-item-type-post_type menu-item-object-page menu-item-privacy-policy menu-item-6107\"><a rel=\"privacy-policy\" href=\"https:\/\/azoreslovers.com\/en\/politica-de-privacidade\/\" class=\"elementor-item\" tabindex=\"-1\">Privacy Policy<\/a><\/li>\n<li class=\"menu-item menu-item-type-post_type menu-item-object-page menu-item-6178\"><a href=\"https:\/\/azoreslovers.com\/en\/termos-e-condicoes\/\" class=\"elementor-item\" tabindex=\"-1\">Terms and Conditions<\/a><\/li>\n<\/ul><\/nav>\n\t\t\t\t<\/div>\n\t\t\t\t<\/div>\n\t\t\n\t\t\n\t\t\t\t\t\t\t<\/div>\n\t\t\t\n\t\t<\/div>\n\t\t\t\t\t\t\t\t\t\t\t\t\t\t\t\t\t\t\t<\/div>\n\t\t\t\t\t\t<\/section>\n\t\t\t\t\n\t\t<section class=\"elementor-section elementor-top-section elementor-element elementor-element-fcf4d58 lipagina elementor-section-boxed elementor-section-height-default elementor-section-height-default\" data-id=\"fcf4d58\" data-element_type=\"section\">\n\t\t\n\t\t\t\t\t\t\t\t\t\t<div class=\"elementor-container elementor-column-gap-default\" >\n\n\t\t\t\t\n\t\t\t\t\t\t\t\t\t\t\t\t\t\t<div class=\"elementor-column elementor-col-100 elementor-top-column elementor-element elementor-element-ba6c1c9\" data-id=\"ba6c1c9\" data-element_type=\"column\">\n\t\t\t\n\t\t\t\n\t\t\t\n\t\t\t<div class=\"elementor-widget-wrap elementor-element-populated\">\n\t\t\t\t\t\t\t\t<div class=\"elementor-element elementor-element-05df6e8 elementor-widget elementor-widget-heading\" data-id=\"05df6e8\" data-element_type=\"widget\" data-widget_type=\"heading.default\">\n\t\t\t\t<div class=\"elementor-widget-container\">\n\t\t\t<h2 class=\"elementor-heading-title elementor-size-default\">The \"Discounts\" area on the Azores Lovers website has several objectives that allow the creation of proximity between the brand, its users and the partner entities.<\/h2>\t\t<\/div>\n\t\t\t\t<\/div>\n\t\t\t\t<div class=\"elementor-element elementor-element-ca00dd7 lipagina elementor-widget elementor-widget-accordion\" data-id=\"ca00dd7\" data-element_type=\"widget\" data-widget_type=\"accordion.default\">\n\t\t\t\t<div class=\"elementor-widget-container\">\n\t\t\t\t\t<div class=\"elementor-accordion\" role=\"tablist\">\n\t\t\t\t\t\t\t<div class=\"elementor-accordion-item\">\n\t\t\t\t\t<div id=\"elementor-tab-title-2111\" class=\"elementor-tab-title\" data-tab=\"1\" role=\"tab\" aria-controls=\"elementor-tab-content-2111\" aria-expanded=\"false\">\n\t\t\t\t\t\t\t\t\t\t\t\t\t<span class=\"elementor-accordion-icon elementor-accordion-icon-left\" aria-hidden=\"true\">\n\t\t\t\t\t\t\t\t\t\t\t\t\t\t\t<span class=\"elementor-accordion-icon-closed\"><i class=\"fas fa-plus\"><\/i><\/span>\n\t\t\t\t\t\t\t\t<span class=\"elementor-accordion-icon-opened\"><i class=\"fas fa-minus\"><\/i><\/span>\n\t\t\t\t\t\t\t\t\t\t\t\t\t\t<\/span>\n\t\t\t\t\t\t\t\t\t\t\t\t<a class=\"elementor-accordion-title\" href=\"\">THE DISCOUNTS FOR THE USER<\/a>\n\t\t\t\t\t<\/div>\n\t\t\t\t\t<div id=\"elementor-tab-content-2111\" class=\"elementor-tab-content elementor-clearfix\" data-tab=\"1\" role=\"tabpanel\" aria-labelledby=\"elementor-tab-title-2111\"><p><b>As a user, by accessing to these discounts, you agree to the following parameters specified below:<\/b><br \/><b>1.<\/b>\u00a0The user must create an account on the Azores Lovers website in order to download the Discount Voucher;<br \/><b>2.<\/b>\u00a0The user must respect all the rules presented in the same voucher, namely, the validity, discount percentage and other rules specified by each entity;<br \/><b>3.<\/b>\u00a0Taking into account that all entities have the possibility to apply their own limitations\/rules to the discount, AZ LOVERS, Lda., is not responsible for any errors on the part of the entities;<br \/><b>4.<\/b>\u00a0The user must always present the voucher (printed or in the mobile device) in their respective places of adhesion, as long as it is valid. Without it, the entity will not be able to apply the discount;<\/p><\/div>\n\t\t\t\t<\/div>\n\t\t\t\t\t\t\t<div class=\"elementor-accordion-item\">\n\t\t\t\t\t<div id=\"elementor-tab-title-2112\" class=\"elementor-tab-title\" data-tab=\"2\" role=\"tab\" aria-controls=\"elementor-tab-content-2112\" aria-expanded=\"false\">\n\t\t\t\t\t\t\t\t\t\t\t\t\t<span class=\"elementor-accordion-icon elementor-accordion-icon-left\" aria-hidden=\"true\">\n\t\t\t\t\t\t\t\t\t\t\t\t\t\t\t<span class=\"elementor-accordion-icon-closed\"><i class=\"fas fa-plus\"><\/i><\/span>\n\t\t\t\t\t\t\t\t<span class=\"elementor-accordion-icon-opened\"><i class=\"fas fa-minus\"><\/i><\/span>\n\t\t\t\t\t\t\t\t\t\t\t\t\t\t<\/span>\n\t\t\t\t\t\t\t\t\t\t\t\t<a class=\"elementor-accordion-title\" href=\"\">DISCOUNTS FOR THE ENTITY<\/a>\n\t\t\t\t\t<\/div>\n\t\t\t\t\t<div id=\"elementor-tab-content-2112\" class=\"elementor-tab-content elementor-clearfix\" data-tab=\"2\" role=\"tabpanel\" aria-labelledby=\"elementor-tab-title-2112\"><p><b>How the Discount Works:<\/b><br \/>You can only have a discount on the Azores Lovers website after you register and create the page related to your service\/business in your personal account. Here, you can apply the discount you want, whenever you want.<br \/><b>1. TITLE OF DISCOUNT:<\/b><br \/>You will have to choose the title of your discount very well, it must be precise and succinct;<br \/><b>2. DISCOUNT DESCRIPTION:<\/b><br \/>In this field you will have to describe and explain to the user where your discount will be applied. If you have any discount rule\/limitation you will have to clarify it in this field in a clear way;<br \/><b>3. DISCOUNT PERCENTAGE:<\/b><br \/>In this field you can display the percentage you want to apply to the discount;<br \/><b>4. VALIDITY OF DISCOUNT:<\/b><br \/>Pay attention to the field \"Discount Validity\". In this field, you can choose the start and end date you want, and assume towards AZ LOVERS, Lda. and its users, that you will be responsible for assigning the discount on the selected date;<br \/><br \/><b>As an entity, by joining these discounts, you consent to the following parameters specified below:<\/b><br \/><b>1.<\/b>\u00a0The entity must create an account on the Azores Lovers website in order to advertise your company and subsequently the discount you wish to apply.<br \/><b>2.<\/b>\u00a0The entity may deny to the user the sale of its services\/products, whenever the user does not present the Discount Voucher.<br \/><b>3.<\/b>\u00a0The entity commits itself to AZ LOVERS, Lda., with responsibility for ensuring that all content presented in the discounts is correct, and assumes that any restrictions and\/or limitations are clearly presented.<br \/><b>4.<\/b>\u00a0AZ LOVERS, Lda. disclaims all responsibility for the discount and any related goods or services.<br \/><b>5.<\/b>\u00a0In case the entity wants to cancel the discount, and the user has already downloaded the discount, the entity will have to be responsible for this cancellation decision, leaving AZ LOVERS, Lda. without any liability.<br \/><br \/><b>Campaigns should not:<\/b><br \/><b>1.<\/b>\u00a0Contain any defamatory content of any person or, in general, be contrary to the generally accepted law, morals and morals;<br \/><b>2.<\/b>\u00a0Contain any obscene, offensive, hateful or defamatory content;<br \/><b>3.<\/b>\u00a0Promote sexually explicit, pornographic, criminal or degrading content;<br \/><b>4.<\/b>\u00a0Promote violence or incite to dangerous, risky or harmful practices for health and psychic balance;<br \/><b>5.<\/b>\u00a0Promote discrimination based on race, sex, religion, beliefs, nationality, social status, disability, sexual orientation or age;<br \/><b>6.<\/b>\u00a0Infringement of any copyright, database rights or any other intellectual property rights;<br \/><b>7.<\/b>\u00a0Be liable to mislead any person;<br \/><b>8.<\/b>\u00a0Be made in violation of any legal obligation due to a third party, such as a contractual obligation or a duty of trust;<br \/><b>9.<\/b>\u00a0Promote any illegal activity;<br \/><b>10.<\/b>\u00a0Being threatening, abusing or invading the privacy of others, as well as causing some kind of inconvenience or unnecessary anxiety;<br \/><b>11.<\/b>\u00a0Being liable to disturb or alarm anyone;<br \/><b>12.<\/b>\u00a0Be used to represent any person, or to adulterate his or her identity or affiliation with any person;<br \/><b>13.<\/b>\u00a0Advocate, promote or support any illegal act as (just by way of example) copyright infringement or misuse of the computer.<\/p><\/div>\n\t\t\t\t<\/div>\n\t\t\t\t\t\t\t\t<\/div>\n\t\t\t\t<\/div>\n\t\t\t\t<\/div>\n\t\t\n\t\t\n\t\t\t\t\t\t\t<\/div>\n\t\t\t\n\t\t<\/div>\n\t\t\t\t\t\t\t\t\t\t\t\t\t\t\t\t\t\t\t<\/div>\n\t\t\t\t\t\t<\/section>\n\t\t\t\t\t\t<\/div>\n\t\t\t\t\t<\/div>","protected":false},"excerpt":{"rendered":"<p>A \u00e1rea de \u201cDescontos\u201d no site da Azores Lovers apresenta v\u00e1rios objetivos que permitem a cria\u00e7\u00e3o de proximidade entre a marca, os seus utilizadores e as entidades parceiras. OS DESCONTOS PARA O UTILIZADOR Como utilizador, ao aderir a estes descontos, consente os seguintes par\u00e2metros abaixo especificados:1.\u00a0O utilizador dever\u00e1 criar conta no site da Azores Lovers [&hellip;]<\/p>","protected":false},"author":1,"featured_media":0,"parent":0,"menu_order":0,"comment_status":"closed","ping_status":"closed","template":"","meta":{"footnotes":""},"class_list":["post-6103","page","type-page","status-publish","hentry"],"acf":[],"yoast_head":"<!-- This site is optimized with the Yoast SEO Premium plugin v17.7 (Yoast SEO v19.9) - https:\/\/yoast.com\/wordpress\/plugins\/seo\/ -->\n<title>Utiliza\u00e7\u00e3o de Descontos - Azores Lovers - Lifestyle, Design, Gifts, Souvenirs &amp; Love<\/title>\n<meta name=\"robots\" content=\"index, follow, max-snippet:-1, max-image-preview:large, max-video-preview:-1\" \/>\n<link rel=\"canonical\" href=\"https:\/\/azoreslovers.com\/en\/utilizacao-de-descontos\/\" \/>\n<meta property=\"og:locale\" content=\"en_US\" \/>\n<meta property=\"og:type\" content=\"article\" \/>\n<meta property=\"og:title\" content=\"Utiliza\u00e7\u00e3o de Descontos\" \/>\n<meta property=\"og:description\" content=\"A \u00e1rea de \u201cDescontos\u201d no site da Azores Lovers apresenta v\u00e1rios objetivos que permitem a cria\u00e7\u00e3o de proximidade entre a marca, os seus utilizadores e as entidades parceiras. OS DESCONTOS PARA O UTILIZADOR Como utilizador, ao aderir a estes descontos, consente os seguintes par\u00e2metros abaixo especificados:1.\u00a0O utilizador dever\u00e1 criar conta no site da Azores Lovers [&hellip;]\" \/>\n<meta property=\"og:url\" content=\"https:\/\/azoreslovers.com\/en\/utilizacao-de-descontos\/\" \/>\n<meta property=\"og:site_name\" content=\"Azores Lovers - Lifestyle, Design, Gifts, Souvenirs &amp; Love\" \/>\n<meta property=\"article:modified_time\" content=\"2021-11-11T13:13:28+00:00\" \/>\n<meta property=\"og:image\" content=\"https:\/\/azoreslovers.com\/wp-content\/uploads\/2021\/12\/azlovers-thumbnail-.png\" \/>\n\t<meta property=\"og:image:width\" content=\"1200\" \/>\n\t<meta property=\"og:image:height\" content=\"630\" \/>\n\t<meta property=\"og:image:type\" content=\"image\/png\" \/>\n<meta name=\"twitter:card\" content=\"summary_large_image\" \/>\n<meta name=\"twitter:label1\" content=\"Est. reading time\" \/>\n\t<meta name=\"twitter:data1\" content=\"4 minutes\" \/>\n<script type=\"application\/ld+json\" class=\"yoast-schema-graph\">{\"@context\":\"https:\/\/schema.org\",\"@graph\":[{\"@type\":\"WebPage\",\"@id\":\"https:\/\/azoreslovers.com\/utilizacao-de-descontos\/\",\"url\":\"https:\/\/azoreslovers.com\/utilizacao-de-descontos\/\",\"name\":\"Utiliza\u00e7\u00e3o de Descontos - Azores Lovers - Lifestyle, Design, Gifts, Souvenirs &amp; Love\",\"isPartOf\":{\"@id\":\"https:\/\/azoreslovers.com\/#website\"},\"datePublished\":\"2021-10-14T23:27:03+00:00\",\"dateModified\":\"2021-11-11T13:13:28+00:00\",\"breadcrumb\":{\"@id\":\"https:\/\/azoreslovers.com\/utilizacao-de-descontos\/#breadcrumb\"},\"inLanguage\":\"en-US\",\"potentialAction\":[{\"@type\":\"ReadAction\",\"target\":[\"https:\/\/azoreslovers.com\/utilizacao-de-descontos\/\"]}]},{\"@type\":\"BreadcrumbList\",\"@id\":\"https:\/\/azoreslovers.com\/utilizacao-de-descontos\/#breadcrumb\",\"itemListElement\":[{\"@type\":\"ListItem\",\"position\":1,\"name\":\"Home\",\"item\":\"https:\/\/azoreslovers.com\/\"},{\"@type\":\"ListItem\",\"position\":2,\"name\":\"Utiliza\u00e7\u00e3o de Descontos\"}]},{\"@type\":\"WebSite\",\"@id\":\"https:\/\/azoreslovers.com\/#website\",\"url\":\"https:\/\/azoreslovers.com\/\",\"name\":\"Azores Lovers - Lifestyle, Design, Gifts, Souvenirs &amp; Love\",\"description\":\"Love brand e guia dos A\u00e7ores com sugest\u00f5es de restaurantes, atividades, alojamentos, eventos e souvenirs, \u00e9 onde partilhamos tudo o que h\u00e1 para amar nestas ilhas. A loja da Azores Lovers situa-se em S\u00e3o Miguel, nos A\u00e7ores, Ponta Delgada.\",\"publisher\":{\"@id\":\"https:\/\/azoreslovers.com\/#organization\"},\"potentialAction\":[{\"@type\":\"SearchAction\",\"target\":{\"@type\":\"EntryPoint\",\"urlTemplate\":\"https:\/\/azoreslovers.com\/?s={search_term_string}\"},\"query-input\":\"required name=search_term_string\"}],\"inLanguage\":\"en-US\"},{\"@type\":\"Organization\",\"@id\":\"https:\/\/azoreslovers.com\/#organization\",\"name\":\"Azores Lovers\",\"url\":\"https:\/\/azoreslovers.com\/\",\"logo\":{\"@type\":\"ImageObject\",\"inLanguage\":\"en-US\",\"@id\":\"https:\/\/azoreslovers.com\/#\/schema\/logo\/image\/\",\"url\":\"https:\/\/azoreslovers.com\/wp-content\/uploads\/2021\/12\/azlovers-thumbnail-.png\",\"contentUrl\":\"https:\/\/azoreslovers.com\/wp-content\/uploads\/2021\/12\/azlovers-thumbnail-.png\",\"width\":1200,\"height\":630,\"caption\":\"Azores Lovers\"},\"image\":{\"@id\":\"https:\/\/azoreslovers.com\/#\/schema\/logo\/image\/\"}}]}<\/script>\n<!-- \/ Yoast SEO Premium plugin. -->","yoast_head_json":{"title":"Utiliza\u00e7\u00e3o de Descontos - Azores Lovers - Lifestyle, Design, Gifts, Souvenirs &amp; Love","robots":{"index":"index","follow":"follow","max-snippet":"max-snippet:-1","max-image-preview":"max-image-preview:large","max-video-preview":"max-video-preview:-1"},"canonical":"https:\/\/azoreslovers.com\/en\/utilizacao-de-descontos\/","og_locale":"en_US","og_type":"article","og_title":"Utiliza\u00e7\u00e3o de Descontos","og_description":"A \u00e1rea de \u201cDescontos\u201d no site da Azores Lovers apresenta v\u00e1rios objetivos que permitem a cria\u00e7\u00e3o de proximidade entre a marca, os seus utilizadores e as entidades parceiras. OS DESCONTOS PARA O UTILIZADOR Como utilizador, ao aderir a estes descontos, consente os seguintes par\u00e2metros abaixo especificados:1.\u00a0O utilizador dever\u00e1 criar conta no site da Azores Lovers [&hellip;]","og_url":"https:\/\/azoreslovers.com\/en\/utilizacao-de-descontos\/","og_site_name":"Azores Lovers - Lifestyle, Design, Gifts, Souvenirs &amp; Love","article_modified_time":"2021-11-11T13:13:28+00:00","og_image":[{"width":1200,"height":630,"url":"https:\/\/azoreslovers.com\/wp-content\/uploads\/2021\/12\/azlovers-thumbnail-.png","type":"image\/png"}],"twitter_card":"summary_large_image","twitter_misc":{"Est. reading time":"4 minutes"},"schema":{"@context":"https:\/\/schema.org","@graph":[{"@type":"WebPage","@id":"https:\/\/azoreslovers.com\/utilizacao-de-descontos\/","url":"https:\/\/azoreslovers.com\/utilizacao-de-descontos\/","name":"Utiliza\u00e7\u00e3o de Descontos - Azores Lovers - Lifestyle, Design, Gifts, Souvenirs &amp; Love","isPartOf":{"@id":"https:\/\/azoreslovers.com\/#website"},"datePublished":"2021-10-14T23:27:03+00:00","dateModified":"2021-11-11T13:13:28+00:00","breadcrumb":{"@id":"https:\/\/azoreslovers.com\/utilizacao-de-descontos\/#breadcrumb"},"inLanguage":"en-US","potentialAction":[{"@type":"ReadAction","target":["https:\/\/azoreslovers.com\/utilizacao-de-descontos\/"]}]},{"@type":"BreadcrumbList","@id":"https:\/\/azoreslovers.com\/utilizacao-de-descontos\/#breadcrumb","itemListElement":[{"@type":"ListItem","position":1,"name":"Home","item":"https:\/\/azoreslovers.com\/"},{"@type":"ListItem","position":2,"name":"Utiliza\u00e7\u00e3o de Descontos"}]},{"@type":"WebSite","@id":"https:\/\/azoreslovers.com\/#website","url":"https:\/\/azoreslovers.com\/","name":"Azores Lovers - Lifestyle, Design, Gifts, Souvenirs &amp; Love","description":"Love brand e guia dos A\u00e7ores com sugest\u00f5es de restaurantes, atividades, alojamentos, eventos e souvenirs, \u00e9 onde partilhamos tudo o que h\u00e1 para amar nestas ilhas. A loja da Azores Lovers situa-se em S\u00e3o Miguel, nos A\u00e7ores, Ponta Delgada.","publisher":{"@id":"https:\/\/azoreslovers.com\/#organization"},"potentialAction":[{"@type":"SearchAction","target":{"@type":"EntryPoint","urlTemplate":"https:\/\/azoreslovers.com\/?s={search_term_string}"},"query-input":"required name=search_term_string"}],"inLanguage":"en-US"},{"@type":"Organization","@id":"https:\/\/azoreslovers.com\/#organization","name":"Azores Lovers","url":"https:\/\/azoreslovers.com\/","logo":{"@type":"ImageObject","inLanguage":"en-US","@id":"https:\/\/azoreslovers.com\/#\/schema\/logo\/image\/","url":"https:\/\/azoreslovers.com\/wp-content\/uploads\/2021\/12\/azlovers-thumbnail-.png","contentUrl":"https:\/\/azoreslovers.com\/wp-content\/uploads\/2021\/12\/azlovers-thumbnail-.png","width":1200,"height":630,"caption":"Azores Lovers"},"image":{"@id":"https:\/\/azoreslovers.com\/#\/schema\/logo\/image\/"}}]}},"_links":{"self":[{"href":"https:\/\/azoreslovers.com\/en\/wp-json\/wp\/v2\/pages\/6103","targetHints":{"allow":["GET"]}}],"collection":[{"href":"https:\/\/azoreslovers.com\/en\/wp-json\/wp\/v2\/pages"}],"about":[{"href":"https:\/\/azoreslovers.com\/en\/wp-json\/wp\/v2\/types\/page"}],"author":[{"embeddable":true,"href":"https:\/\/azoreslovers.com\/en\/wp-json\/wp\/v2\/users\/1"}],"replies":[{"embeddable":true,"href":"https:\/\/azoreslovers.com\/en\/wp-json\/wp\/v2\/comments?post=6103"}],"version-history":[{"count":0,"href":"https:\/\/azoreslovers.com\/en\/wp-json\/wp\/v2\/pages\/6103\/revisions"}],"wp:attachment":[{"href":"https:\/\/azoreslovers.com\/en\/wp-json\/wp\/v2\/media?parent=6103"}],"curies":[{"name":"wp","href":"https:\/\/api.w.org\/{rel}","templated":true}]}}