{"id":5970,"date":"2021-10-14T20:51:34","date_gmt":"2021-10-14T20:51:34","guid":{"rendered":"https:\/\/azoreslovers.acoresnocoracao.pt\/?page_id=5970"},"modified":"2022-01-24T16:36:08","modified_gmt":"2022-01-24T16:36:08","slug":"contactos","status":"publish","type":"page","link":"https:\/\/azoreslovers.com\/en\/contacts\/","title":{"rendered":"Contacts"},"content":{"rendered":"<div data-elementor-type=\"wp-page\" data-elementor-id=\"5970\" class=\"elementor elementor-5970\" data-elementor-settings=\"[]\">\n\t\t\t\t\t\t\t<div class=\"elementor-section-wrap\">\n\t\t\t\t\t\t\t\n\t\t<section class=\"elementor-section elementor-top-section elementor-element elementor-element-dc9e182 elementor-section-boxed elementor-section-height-default elementor-section-height-default\" data-id=\"dc9e182\" data-element_type=\"section\">\n\t\t\n\t\t\t\t\t\t\t\t\t\t<div class=\"elementor-container elementor-column-gap-default\" >\n\n\t\t\t\t\n\t\t\t\t\t\t\t\t\t\t\t\t\t\t<div class=\"elementor-column elementor-col-50 elementor-top-column elementor-element elementor-element-ad2b64e\" data-id=\"ad2b64e\" data-element_type=\"column\" data-settings=\"{&quot;background_background&quot;:&quot;classic&quot;}\">\n\t\t\t\n\t\t\t\n\t\t\t\n\t\t\t<div class=\"elementor-widget-wrap elementor-element-populated\">\n\t\t\t\t\t\t\t\t<div class=\"elementor-element elementor-element-4823471 elementor-widget elementor-widget-riode_widget_heading\" data-id=\"4823471\" data-element_type=\"widget\" data-widget_type=\"riode_widget_heading.default\">\n\t\t\t\t<div class=\"elementor-widget-container\">\n\t\t\t<div class=\"title-wrapper  title-left\"><h5 class=\"title\">Store<\/h5><\/div>\t\t<\/div>\n\t\t\t\t<\/div>\n\t\t\t\t<div class=\"elementor-element elementor-element-ec55bf0 elementor-widget elementor-widget-heading\" data-id=\"ec55bf0\" data-element_type=\"widget\" data-widget_type=\"heading.default\">\n\t\t\t\t<div class=\"elementor-widget-container\">\n\t\t\t<p class=\"elementor-heading-title elementor-size-default\">Solmar Avenida Center - Shop N\u00ba 22 Av. Infante Dom Henrique 71, Block 1, R\/C, 9500-150 - Ponta Delgada<\/p>\t\t<\/div>\n\t\t\t\t<\/div>\n\t\t\t\t<div class=\"elementor-element elementor-element-64f3364 elementor-widget elementor-widget-riode_widget_heading\" data-id=\"64f3364\" data-element_type=\"widget\" data-widget_type=\"riode_widget_heading.default\">\n\t\t\t\t<div class=\"elementor-widget-container\">\n\t\t\t<div class=\"title-wrapper  title-left\"><h5 class=\"title\">Phone Number<\/h5><\/div>\t\t<\/div>\n\t\t\t\t<\/div>\n\t\t\t\t<div class=\"elementor-element elementor-element-d2cd1e5 elementor-widget elementor-widget-heading\" data-id=\"d2cd1e5\" data-element_type=\"widget\" data-widget_type=\"heading.default\">\n\t\t\t\t<div class=\"elementor-widget-container\">\n\t\t\t<p class=\"elementor-heading-title elementor-size-default\"><p style=\"font-weight: 500\">\n<i class=\"fa fa-phone\"><\/i> <a href=\"tel: 351296711186\">(+351) 296 711 186<\/a>\n<\/p>\n<p style=\"font-weight:500\"><i class=\"fab fa-whatsapp\"><\/i> <a href=\"https:\/\/wa.me\/296711186\"> (+351) 296 711 186<\/a>\n<\/p>\n<p style=\"font-weight: 500\"><i class=\"fa fa-mobile\"><\/i> <a href=\"tel:  351919581467\"> (+351) 919 581 467<\/a>\n\t<\/p><\/p>\t\t<\/div>\n\t\t\t\t<\/div>\n\t\t\t\t<div class=\"elementor-element elementor-element-1f0449f elementor-widget elementor-widget-riode_widget_heading\" data-id=\"1f0449f\" data-element_type=\"widget\" data-widget_type=\"riode_widget_heading.default\">\n\t\t\t\t<div class=\"elementor-widget-container\">\n\t\t\t<div class=\"title-wrapper  title-left\"><h5 class=\"title\">Email<\/h5><\/div>\t\t<\/div>\n\t\t\t\t<\/div>\n\t\t\t\t<div class=\"elementor-element elementor-element-0e5aea4 elementor-widget elementor-widget-heading\" data-id=\"0e5aea4\" data-element_type=\"widget\" data-widget_type=\"heading.default\">\n\t\t\t\t<div class=\"elementor-widget-container\">\n\t\t\t<p class=\"elementor-heading-title elementor-size-default\"><p style=\"font-weight: 500\">\n<i class=\"fa fa-envelope\"><\/i> <a href=\"mailto:info@azoreslovers.com\">info@azoreslovers.com<\/a>\n<\/p><\/p>\t\t<\/div>\n\t\t\t\t<\/div>\n\t\t\n\t\t\n\t\t\t\t\t\t\t<\/div>\n\t\t\t\n\t\t<\/div>\n\t\t\t\t\t\t<div class=\"elementor-column elementor-col-50 elementor-top-column elementor-element elementor-element-6eb2163\" data-id=\"6eb2163\" data-element_type=\"column\">\n\t\t\t\n\t\t\t\n\t\t\t\n\t\t\t<div class=\"elementor-widget-wrap elementor-element-populated\">\n\t\t\t\t\t\t\t\t<div class=\"elementor-element elementor-element-8a89fe1 elementor-widget elementor-widget-riode_widget_heading\" data-id=\"8a89fe1\" data-element_type=\"widget\" data-widget_type=\"riode_widget_heading.default\">\n\t\t\t\t<div class=\"elementor-widget-container\">\n\t\t\t<div class=\"title-wrapper  title-left\"><h5 class=\"title\">Get in Contact<\/h5><\/div>\t\t<\/div>\n\t\t\t\t<\/div>\n\t\t\t\t<div class=\"elementor-element elementor-element-1a01307 elementor-widget elementor-widget-heading\" data-id=\"1a01307\" data-element_type=\"widget\" data-widget_type=\"heading.default\">\n\t\t\t\t<div class=\"elementor-widget-container\">\n\t\t\t<p class=\"elementor-heading-title elementor-size-default\">* Required fields<\/p>\t\t<\/div>\n\t\t\t\t<\/div>\n\t\t\t\t<div class=\"elementor-element elementor-element-386903b formcontacto elementor-widget elementor-widget-shortcode\" data-id=\"386903b\" data-element_type=\"widget\" data-widget_type=\"shortcode.default\">\n\t\t\t\t<div class=\"elementor-widget-container\">\n\t\t\t\t\t<div class=\"elementor-shortcode\"><div role=\"form\" class=\"wpcf7\" id=\"wpcf7-f12-o1\" lang=\"pt-PT\" dir=\"ltr\">\n<div class=\"screen-reader-response\"><p role=\"status\" aria-live=\"polite\" aria-atomic=\"true\"><\/p> <ul><\/ul><\/div>\n<form action=\"\/en\/wp-json\/wp\/v2\/pages\/5970#wpcf7-f12-o1\" method=\"post\" class=\"wpcf7-form init\" data-status=\"init\" data-trp-original-action=\"\/en\/wp-json\/wp\/v2\/pages\/5970#wpcf7-f12-o1\">\n<div style=\"display: none;\">\n<input type=\"hidden\" name=\"_wpcf7\" value=\"12\" \/>\n<input type=\"hidden\" name=\"_wpcf7_version\" value=\"5.6.4\" \/>\n<input type=\"hidden\" name=\"_wpcf7_locale\" value=\"pt_PT\" \/>\n<input type=\"hidden\" name=\"_wpcf7_unit_tag\" value=\"wpcf7-f12-o1\" \/>\n<input type=\"hidden\" name=\"_wpcf7_container_post\" value=\"0\" \/>\n<input type=\"hidden\" name=\"_wpcf7_posted_data_hash\" value=\"\" \/>\n<input type=\"hidden\" name=\"_wpcf7_recaptcha_response\" value=\"\" \/>\n<\/div>\n<div class=\"row\">\n<div class=\"col-md-12\">\n<span class=\"wpcf7-form-control-wrap\" data-name=\"textarea-576\"><textarea name=\"textarea-576\" cols=\"40\" rows=\"10\" class=\"wpcf7-form-control wpcf7-textarea\" aria-invalid=\"false\" placeholder=\"Message *\"><\/textarea><\/span>\n<\/div>\n<\/div>\n<div class=\"row\" style=\"margin-top:20px\">\n<div class=\"col-md-6\">\n<span class=\"wpcf7-form-control-wrap\" data-name=\"text-497\"><input type=\"text\" name=\"text-497\" value=\"\" size=\"40\" class=\"wpcf7-form-control wpcf7-text\" aria-invalid=\"false\" placeholder=\"Name*\" \/><\/span>\n<\/div>\n<div class=\"col-md-6\">\n<span class=\"wpcf7-form-control-wrap\" data-name=\"email-72\"><input type=\"email\" name=\"email-72\" value=\"\" size=\"40\" class=\"wpcf7-form-control wpcf7-text wpcf7-email wpcf7-validates-as-email\" aria-invalid=\"false\" placeholder=\"Email *\" \/><\/span>\n<\/div>\n<p><br><br \/>\n<button type=\"submit\" value=\"POST COMMENT\" class=\"wpcf7-form-control wpcf7-submit btn btn-dark\">SEND<\/button>\n<\/div>\n<div class=\"wpcf7-response-output\" aria-hidden=\"true\"><\/div><input type=\"hidden\" name=\"trp-form-language\" value=\"en\"\/><\/form><\/div><\/div>\n\t\t\t\t<\/div>\n\t\t\t\t<\/div>\n\t\t\n\t\t\n\t\t\t\t\t\t\t<\/div>\n\t\t\t\n\t\t<\/div>\n\t\t\t\t\t\t\t\t\t\t\t\t\t\t\t\t\t\t\t<\/div>\n\t\t\t\t\t\t<\/section>\n\t\t\t\t\n\t\t<section class=\"elementor-section elementor-top-section elementor-element elementor-element-ade15e8 elementor-section-full_width elementor-section-stretched elementor-section-height-default elementor-section-height-default\" data-id=\"ade15e8\" data-element_type=\"section\" data-settings=\"{&quot;stretch_section&quot;:&quot;section-stretched&quot;}\">\n\t\t\n\t\t\t\t\t\t\t\t\t\t<div class=\"elementor-container elementor-column-gap-no\" >\n\n\t\t\t\t\n\t\t\t\t\t\t\t\t\t\t\t\t\t\t<div class=\"elementor-column elementor-col-100 elementor-top-column elementor-element elementor-element-15711a2\" data-id=\"15711a2\" data-element_type=\"column\">\n\t\t\t\n\t\t\t\n\t\t\t\n\t\t\t<div class=\"elementor-widget-wrap elementor-element-populated\">\n\t\t\t\t\t\t\t\t<div class=\"elementor-element elementor-element-d582bcd elementor-widget elementor-widget-google_maps\" data-id=\"d582bcd\" data-element_type=\"widget\" data-widget_type=\"google_maps.default\">\n\t\t\t\t<div class=\"elementor-widget-container\">\n\t\t\t\t\t<div class=\"elementor-custom-embed\">\n\t\t\t<iframe frameborder=\"0\" scrolling=\"no\" marginheight=\"0\" marginwidth=\"0\"\n\t\t\t\t\tsrc=\"https:\/\/www.google.com\/maps\/embed\/v1\/place?key=AIzaSyDVbIx9lz8HCpTt-hVrsvQqCLw0BEk1G44&#038;q=Azores%20Lovers%20%2C%20Av.%20Infante%20Dom%20Henrique%2071%2C%20Bloco%201%2C%20R%2FC%2C%20N%C2%BA022%2C%209500-150%20Ponta%20Delgada&#038;zoom=15\"\n\t\t\t\t\ttitle=\"Azores Lovers , Av. Infante Dom Henrique 71, Bloco 1, R\/C, N\u00ba022, 9500-150 Ponta Delgada\"\n\t\t\t\t\taria-label=\"Azores Lovers , Av. Infante Dom Henrique 71, Bloco 1, R\/C, N\u00ba022, 9500-150 Ponta Delgada\"\n\t\t\t><\/iframe>\n\t\t<\/div>\n\t\t\t\t<\/div>\n\t\t\t\t<\/div>\n\t\t\n\t\t\n\t\t\t\t\t\t\t<\/div>\n\t\t\t\n\t\t<\/div>\n\t\t\t\t\t\t\t\t\t\t\t\t\t\t\t\t\t\t\t<\/div>\n\t\t\t\t\t\t<\/section>\n\t\t\t\t\t\t<\/div>\n\t\t\t\t\t<\/div>","protected":false},"excerpt":{"rendered":"<p>Loja Solmar Avenida Center &#8211; Shop N\u00ba 22 Av. Infante Dom Henrique 71, Bloco 1, R\/C, 9500-150 &#8211; Ponta Delgada Telefone (+351) 296 711 186 (+351) 296 711 186 (+351) 919 581 467 Email info@azoreslovers.com Entrar em Contacto * Campos obrigat\u00f3rios<\/p>","protected":false},"author":1,"featured_media":0,"parent":0,"menu_order":0,"comment_status":"closed","ping_status":"closed","template":"","meta":{"footnotes":""},"class_list":["post-5970","page","type-page","status-publish","hentry"],"acf":[],"yoast_head":"<!-- This site is optimized with the Yoast SEO Premium plugin v17.7 (Yoast SEO v19.9) - https:\/\/yoast.com\/wordpress\/plugins\/seo\/ -->\n<title>Contactos - Azores Lovers - Lifestyle, Design, Gifts, Souvenirs &amp; Love<\/title>\n<meta name=\"robots\" content=\"index, follow, max-snippet:-1, max-image-preview:large, max-video-preview:-1\" \/>\n<link rel=\"canonical\" href=\"https:\/\/azoreslovers.com\/en\/contacts\/\" \/>\n<meta property=\"og:locale\" content=\"en_US\" \/>\n<meta property=\"og:type\" content=\"article\" \/>\n<meta property=\"og:title\" content=\"Contactos\" \/>\n<meta property=\"og:description\" content=\"Loja Solmar Avenida Center &#8211; Shop N\u00ba 22 Av. Infante Dom Henrique 71, Bloco 1, R\/C, 9500-150 &#8211; Ponta Delgada Telefone (+351) 296 711 186 (+351) 296 711 186 (+351) 919 581 467 Email info@azoreslovers.com Entrar em Contacto * Campos obrigat\u00f3rios\" \/>\n<meta property=\"og:url\" content=\"https:\/\/azoreslovers.com\/en\/contacts\/\" \/>\n<meta property=\"og:site_name\" content=\"Azores Lovers - Lifestyle, Design, Gifts, Souvenirs &amp; Love\" \/>\n<meta property=\"article:modified_time\" content=\"2022-01-24T16:36:08+00:00\" \/>\n<meta property=\"og:image\" content=\"https:\/\/azoreslovers.com\/wp-content\/uploads\/2021\/12\/azlovers-thumbnail-.png\" \/>\n\t<meta property=\"og:image:width\" content=\"1200\" \/>\n\t<meta property=\"og:image:height\" content=\"630\" \/>\n\t<meta property=\"og:image:type\" content=\"image\/png\" \/>\n<meta name=\"twitter:card\" content=\"summary_large_image\" \/>\n<meta name=\"twitter:label1\" content=\"Est. reading time\" \/>\n\t<meta name=\"twitter:data1\" content=\"1 minute\" \/>\n<script type=\"application\/ld+json\" class=\"yoast-schema-graph\">{\"@context\":\"https:\/\/schema.org\",\"@graph\":[{\"@type\":\"WebPage\",\"@id\":\"https:\/\/azoreslovers.com\/contactos\/\",\"url\":\"https:\/\/azoreslovers.com\/contactos\/\",\"name\":\"Contactos - Azores Lovers - Lifestyle, Design, Gifts, Souvenirs &amp; Love\",\"isPartOf\":{\"@id\":\"https:\/\/azoreslovers.com\/#website\"},\"datePublished\":\"2021-10-14T20:51:34+00:00\",\"dateModified\":\"2022-01-24T16:36:08+00:00\",\"breadcrumb\":{\"@id\":\"https:\/\/azoreslovers.com\/contactos\/#breadcrumb\"},\"inLanguage\":\"en-US\",\"potentialAction\":[{\"@type\":\"ReadAction\",\"target\":[\"https:\/\/azoreslovers.com\/contactos\/\"]}]},{\"@type\":\"BreadcrumbList\",\"@id\":\"https:\/\/azoreslovers.com\/contactos\/#breadcrumb\",\"itemListElement\":[{\"@type\":\"ListItem\",\"position\":1,\"name\":\"Home\",\"item\":\"https:\/\/azoreslovers.com\/\"},{\"@type\":\"ListItem\",\"position\":2,\"name\":\"Contactos\"}]},{\"@type\":\"WebSite\",\"@id\":\"https:\/\/azoreslovers.com\/#website\",\"url\":\"https:\/\/azoreslovers.com\/\",\"name\":\"Azores Lovers - Lifestyle, Design, Gifts, Souvenirs &amp; Love\",\"description\":\"Love brand e guia dos A\u00e7ores com sugest\u00f5es de restaurantes, atividades, alojamentos, eventos e souvenirs, \u00e9 onde partilhamos tudo o que h\u00e1 para amar nestas ilhas. A loja da Azores Lovers situa-se em S\u00e3o Miguel, nos A\u00e7ores, Ponta Delgada.\",\"publisher\":{\"@id\":\"https:\/\/azoreslovers.com\/#organization\"},\"potentialAction\":[{\"@type\":\"SearchAction\",\"target\":{\"@type\":\"EntryPoint\",\"urlTemplate\":\"https:\/\/azoreslovers.com\/?s={search_term_string}\"},\"query-input\":\"required name=search_term_string\"}],\"inLanguage\":\"en-US\"},{\"@type\":\"Organization\",\"@id\":\"https:\/\/azoreslovers.com\/#organization\",\"name\":\"Azores Lovers\",\"url\":\"https:\/\/azoreslovers.com\/\",\"logo\":{\"@type\":\"ImageObject\",\"inLanguage\":\"en-US\",\"@id\":\"https:\/\/azoreslovers.com\/#\/schema\/logo\/image\/\",\"url\":\"https:\/\/azoreslovers.com\/wp-content\/uploads\/2021\/12\/azlovers-thumbnail-.png\",\"contentUrl\":\"https:\/\/azoreslovers.com\/wp-content\/uploads\/2021\/12\/azlovers-thumbnail-.png\",\"width\":1200,\"height\":630,\"caption\":\"Azores Lovers\"},\"image\":{\"@id\":\"https:\/\/azoreslovers.com\/#\/schema\/logo\/image\/\"}}]}<\/script>\n<!-- \/ Yoast SEO Premium plugin. -->","yoast_head_json":{"title":"Contactos - Azores Lovers - Lifestyle, Design, Gifts, Souvenirs &amp; Love","robots":{"index":"index","follow":"follow","max-snippet":"max-snippet:-1","max-image-preview":"max-image-preview:large","max-video-preview":"max-video-preview:-1"},"canonical":"https:\/\/azoreslovers.com\/en\/contacts\/","og_locale":"en_US","og_type":"article","og_title":"Contactos","og_description":"Loja Solmar Avenida Center &#8211; Shop N\u00ba 22 Av. Infante Dom Henrique 71, Bloco 1, R\/C, 9500-150 &#8211; Ponta Delgada Telefone (+351) 296 711 186 (+351) 296 711 186 (+351) 919 581 467 Email info@azoreslovers.com Entrar em Contacto * Campos obrigat\u00f3rios","og_url":"https:\/\/azoreslovers.com\/en\/contacts\/","og_site_name":"Azores Lovers - Lifestyle, Design, Gifts, Souvenirs &amp; Love","article_modified_time":"2022-01-24T16:36:08+00:00","og_image":[{"width":1200,"height":630,"url":"https:\/\/azoreslovers.com\/wp-content\/uploads\/2021\/12\/azlovers-thumbnail-.png","type":"image\/png"}],"twitter_card":"summary_large_image","twitter_misc":{"Est. reading time":"1 minute"},"schema":{"@context":"https:\/\/schema.org","@graph":[{"@type":"WebPage","@id":"https:\/\/azoreslovers.com\/contactos\/","url":"https:\/\/azoreslovers.com\/contactos\/","name":"Contactos - Azores Lovers - Lifestyle, Design, Gifts, Souvenirs &amp; Love","isPartOf":{"@id":"https:\/\/azoreslovers.com\/#website"},"datePublished":"2021-10-14T20:51:34+00:00","dateModified":"2022-01-24T16:36:08+00:00","breadcrumb":{"@id":"https:\/\/azoreslovers.com\/contactos\/#breadcrumb"},"inLanguage":"en-US","potentialAction":[{"@type":"ReadAction","target":["https:\/\/azoreslovers.com\/contactos\/"]}]},{"@type":"BreadcrumbList","@id":"https:\/\/azoreslovers.com\/contactos\/#breadcrumb","itemListElement":[{"@type":"ListItem","position":1,"name":"Home","item":"https:\/\/azoreslovers.com\/"},{"@type":"ListItem","position":2,"name":"Contactos"}]},{"@type":"WebSite","@id":"https:\/\/azoreslovers.com\/#website","url":"https:\/\/azoreslovers.com\/","name":"Azores Lovers - Lifestyle, Design, Gifts, Souvenirs &amp; Love","description":"Love brand e guia dos A\u00e7ores com sugest\u00f5es de restaurantes, atividades, alojamentos, eventos e souvenirs, \u00e9 onde partilhamos tudo o que h\u00e1 para amar nestas ilhas. A loja da Azores Lovers situa-se em S\u00e3o Miguel, nos A\u00e7ores, Ponta Delgada.","publisher":{"@id":"https:\/\/azoreslovers.com\/#organization"},"potentialAction":[{"@type":"SearchAction","target":{"@type":"EntryPoint","urlTemplate":"https:\/\/azoreslovers.com\/?s={search_term_string}"},"query-input":"required name=search_term_string"}],"inLanguage":"en-US"},{"@type":"Organization","@id":"https:\/\/azoreslovers.com\/#organization","name":"Azores Lovers","url":"https:\/\/azoreslovers.com\/","logo":{"@type":"ImageObject","inLanguage":"en-US","@id":"https:\/\/azoreslovers.com\/#\/schema\/logo\/image\/","url":"https:\/\/azoreslovers.com\/wp-content\/uploads\/2021\/12\/azlovers-thumbnail-.png","contentUrl":"https:\/\/azoreslovers.com\/wp-content\/uploads\/2021\/12\/azlovers-thumbnail-.png","width":1200,"height":630,"caption":"Azores Lovers"},"image":{"@id":"https:\/\/azoreslovers.com\/#\/schema\/logo\/image\/"}}]}},"_links":{"self":[{"href":"https:\/\/azoreslovers.com\/en\/wp-json\/wp\/v2\/pages\/5970","targetHints":{"allow":["GET"]}}],"collection":[{"href":"https:\/\/azoreslovers.com\/en\/wp-json\/wp\/v2\/pages"}],"about":[{"href":"https:\/\/azoreslovers.com\/en\/wp-json\/wp\/v2\/types\/page"}],"author":[{"embeddable":true,"href":"https:\/\/azoreslovers.com\/en\/wp-json\/wp\/v2\/users\/1"}],"replies":[{"embeddable":true,"href":"https:\/\/azoreslovers.com\/en\/wp-json\/wp\/v2\/comments?post=5970"}],"version-history":[{"count":0,"href":"https:\/\/azoreslovers.com\/en\/wp-json\/wp\/v2\/pages\/5970\/revisions"}],"wp:attachment":[{"href":"https:\/\/azoreslovers.com\/en\/wp-json\/wp\/v2\/media?parent=5970"}],"curies":[{"name":"wp","href":"https:\/\/api.w.org\/{rel}","templated":true}]}}